{"id":1476,"date":"2021-12-16T17:13:33","date_gmt":"2021-12-16T16:13:33","guid":{"rendered":"https:\/\/blisters4parts.com\/blisterverpackungsanweisung\/"},"modified":"2026-04-15T13:22:33","modified_gmt":"2026-04-15T11:22:33","slug":"blisterverpackungsanweisung","status":"publish","type":"page","link":"https:\/\/blisters4parts.com\/de\/blisterverpackungsanweisung\/","title":{"rendered":"Blisterverpackungsanweisung"},"content":{"rendered":"<p>[et_pb_section fb_built=&#8220;1&#8243; _builder_version=&#8220;4.16&#8243; _module_preset=&#8220;default&#8220; custom_padding=&#8220;12px|||||&#8220; global_colors_info=&#8220;{}&#8220;][et_pb_row _builder_version=&#8220;4.16&#8243; _module_preset=&#8220;default&#8220; min_height=&#8220;49px&#8220; custom_margin=&#8220;0px||-1px||false|false&#8220; custom_padding=&#8220;0px||||false|false&#8220; global_colors_info=&#8220;{}&#8220;][et_pb_column type=&#8220;4_4&#8243; _builder_version=&#8220;4.16&#8243; _module_preset=&#8220;default&#8220; global_colors_info=&#8220;{}&#8220;][et_pb_text _builder_version=&#8220;4.16&#8243; _module_preset=&#8220;default&#8220; header_text_color=&#8220;#01C000&#8243; header_2_text_color=&#8220;#01C000&#8243; header_2_font_size=&#8220;32px&#8220; global_colors_info=&#8220;{}&#8220;]<\/p>\n<h2 style=\"text-align: center;\">Blisterverpackungsanweisung<\/h2>\n<p>[\/et_pb_text][\/et_pb_column][\/et_pb_row][et_pb_row column_structure=&#8220;1_4,1_4,1_2&#8243; _builder_version=&#8220;4.16&#8243; _module_preset=&#8220;default&#8220; global_colors_info=&#8220;{}&#8220;][et_pb_column type=&#8220;1_4&#8243; _builder_version=&#8220;4.16&#8243; _module_preset=&#8220;default&#8220; global_colors_info=&#8220;{}&#8220;][et_pb_image src=&#8220;https:\/\/blisters4parts.com\/wp-content\/uploads\/Large-and-small-blisters-in-Euronorm-box.jpg&#8220; title_text=&#8220;Gro\u00dfe und kleine Blister in Euronorm-Box&#8220; _builder_version=&#8220;4.19.4&#8243; _module_preset=&#8220;default&#8220; custom_margin=&#8220;40px||||false|false&#8220; global_colors_info=&#8220;{}&#8220;][\/et_pb_image][\/et_pb_column][et_pb_column type=&#8220;1_4&#8243; _builder_version=&#8220;4.16&#8243; _module_preset=&#8220;default&#8220; global_colors_info=&#8220;{}&#8220;][et_pb_image src=&#8220;https:\/\/blisters4parts.com\/wp-content\/uploads\/Small-blisters-in-Euronorm-boxes.jpg&#8220; title_text=&#8220;Kleine Blister in Euronorm-Boxen&#8220; _builder_version=&#8220;4.19.4&#8243; _module_preset=&#8220;default&#8220; width=&#8220;90%&#8220; custom_margin=&#8220;40px||||false|false&#8220; global_colors_info=&#8220;{}&#8220;][\/et_pb_image][\/et_pb_column][et_pb_column type=&#8220;1_2&#8243; _builder_version=&#8220;4.16&#8243; _module_preset=&#8220;default&#8220; global_colors_info=&#8220;{}&#8220;][et_pb_text _builder_version=&#8220;4.27.6&#8243; _module_preset=&#8220;default&#8220; header_3_text_color=&#8220;#01C000&#8243; header_3_font_size=&#8220;25px&#8220; hover_enabled=&#8220;0&#8243; global_colors_info=&#8220;{}&#8220; text_font_size=&#8220;17px&#8220; sticky_enabled=&#8220;0&#8243;]<\/p>\n<h3>Bei Verwendung von Transportkisten<\/h3>\n<p>Unsere gro\u00dfen Blister passen perfekt in die Standard-Euronorm-Transportkisten mit den Ma\u00dfen 400x300xH mm. Das H steht f\u00fcr die verschiedenen H\u00f6hen, die auf dem Markt erh\u00e4ltlich sind.<\/p>\n<p>Die kleinen Blister sind so konzipiert, dass sie in die kleinere Euronorm-Box mit den Ma\u00dfen 300x200xH mm passen. Sie k\u00f6nnen auch 2 Stapel mit kleinen Blistern in die gro\u00dfen Kisten nebeneinander legen.<\/p>\n<p>Die Innenma\u00dfe der Kisten sind etwas gr\u00f6\u00dfer als unsere Blister.<\/p>\n<p>Die Verwendung dieser Kisten ist immer eine sichere Transportl\u00f6sung. Vergessen Sie niemals, etwas stabiles F\u00fcllmaterial zu verwenden, um Bewegungen im Inneren der Transportbox zu verhindern.<\/p>\n<p>[\/et_pb_text][\/et_pb_column][\/et_pb_row][et_pb_row column_structure=&#8220;1_2,1_2&#8243; _builder_version=&#8220;4.16&#8243; _module_preset=&#8220;default&#8220; custom_padding=&#8220;11px||15px|||&#8220; global_colors_info=&#8220;{}&#8220;][et_pb_column type=&#8220;1_2&#8243; _builder_version=&#8220;4.16&#8243; _module_preset=&#8220;default&#8220; global_colors_info=&#8220;{}&#8220;][et_pb_image src=&#8220;https:\/\/blisters4parts.com\/wp-content\/uploads\/Pile-of-blisters-scaled.jpg&#8220; title_text=&#8220;Stapel Blister&#8220; _builder_version=&#8220;4.16&#8243; _module_preset=&#8220;default&#8220; global_colors_info=&#8220;{}&#8220;][\/et_pb_image][\/et_pb_column][et_pb_column type=&#8220;1_2&#8243; _builder_version=&#8220;4.16&#8243; _module_preset=&#8220;default&#8220; global_colors_info=&#8220;{}&#8220;][et_pb_text _builder_version=&#8220;4.27.6&#8243; _module_preset=&#8220;default&#8220; header_3_text_color=&#8220;#01C000&#8243; header_3_font_size=&#8220;25px&#8220; hover_enabled=&#8220;0&#8243; global_colors_info=&#8220;{}&#8220; text_font_size=&#8220;18px&#8220; sticky_enabled=&#8220;0&#8243;]<\/p>\n<h3>Bei Verwendung von Kartons<\/h3>\n<p>Machen Sie zuerst einen Stapel Blister.<\/p>\n<p>Legen Sie einen leeren Blister auf den letzten, dadurch werden die Teile an ihrer Position fixiert.<\/p>\n<p>[\/et_pb_text][\/et_pb_column][\/et_pb_row][et_pb_row column_structure=&#8220;1_2,1_2&#8243; _builder_version=&#8220;4.16&#8243; _module_preset=&#8220;default&#8220; custom_padding=&#8220;11px||15px|||&#8220; global_colors_info=&#8220;{}&#8220;][et_pb_column type=&#8220;1_2&#8243; _builder_version=&#8220;4.16&#8243; _module_preset=&#8220;default&#8220; global_colors_info=&#8220;{}&#8220;][et_pb_image src=&#8220;https:\/\/blisters4parts.com\/wp-content\/uploads\/Pile-of-blisters-with-shrink-foil-scaled.jpg&#8220; title_text=&#8220;Blisterstapel mit Schrumpffolie&#8220; _builder_version=&#8220;4.16&#8243; _module_preset=&#8220;default&#8220; global_colors_info=&#8220;{}&#8220;][\/et_pb_image][\/et_pb_column][et_pb_column type=&#8220;1_2&#8243; _builder_version=&#8220;4.16&#8243; _module_preset=&#8220;default&#8220; global_colors_info=&#8220;{}&#8220;][et_pb_text _builder_version=&#8220;4.27.6&#8243; _module_preset=&#8220;default&#8220; hover_enabled=&#8220;0&#8243; global_colors_info=&#8220;{}&#8220; text_font_size=&#8220;18px&#8220; sticky_enabled=&#8220;0&#8243;]<\/p>\n<p>Wickeln Sie etwas Schrumpffolie um den Blisterstapel. Sie erhalten eine einfach zu handhabende Blisterverpackung, bei der nichts herausfallen oder sich verstellen kann.<\/p>\n<p>[\/et_pb_text][\/et_pb_column][\/et_pb_row][et_pb_row column_structure=&#8220;1_2,1_2&#8243; _builder_version=&#8220;4.16&#8243; _module_preset=&#8220;default&#8220; custom_padding=&#8220;11px||15px|||&#8220; global_colors_info=&#8220;{}&#8220;][et_pb_column type=&#8220;1_2&#8243; _builder_version=&#8220;4.16&#8243; _module_preset=&#8220;default&#8220; global_colors_info=&#8220;{}&#8220;][et_pb_image src=&#8220;https:\/\/blisters4parts.com\/wp-content\/uploads\/Box-empty-scaled-e1639670783270.jpg&#8220; title_text=&#8220;Leere Karton&#8220; _builder_version=&#8220;4.16&#8243; _module_preset=&#8220;default&#8220; global_colors_info=&#8220;{}&#8220;][\/et_pb_image][\/et_pb_column][et_pb_column type=&#8220;1_2&#8243; _builder_version=&#8220;4.16&#8243; _module_preset=&#8220;default&#8220; global_colors_info=&#8220;{}&#8220;][et_pb_text _builder_version=&#8220;4.27.6&#8243; _module_preset=&#8220;default&#8220; custom_margin=&#8220;3px||0px||false|false&#8220; custom_padding=&#8220;||10px||false|false&#8220; hover_enabled=&#8220;0&#8243; global_colors_info=&#8220;{}&#8220; text_font_size=&#8220;18px&#8220; sticky_enabled=&#8220;0&#8243;]<\/p>\n<p>W\u00e4hlen Sie einen Karton aus, der an allen Seiten der erstellten Blisterverpackung etwas Raum l\u00e4sst.<\/p>\n<p>Beachten Sie, dass alle unsere Blister die Gr\u00f6\u00dfe 35&#215;25 cm haben.<\/p>\n<p>Unsere Kartons Art 125 (370x270x200 mm) und der etwas d\u00fcnnere, aber immer noch doppelwandige, Art 126 (400x30x200 mm) sind daf\u00fcr bestens geeignet.<\/p>\n<p>Wir empfehlen, immer doppelwandige Kartons zu verwenden.<\/p>\n<p>[\/et_pb_text][et_pb_button button_url=&#8220;https:\/\/blisters4parts.com\/de\/home\/kartons\/&#8220; button_text=&#8220;Unsere Kartons&#8220; _builder_version=&#8220;4.16&#8243; _module_preset=&#8220;default&#8220; custom_button=&#8220;on&#8220; button_text_color=&#8220;#FFFFFF&#8220; button_bg_color=&#8220;#283D86&#8243; button_icon=&#8220;&#x24;||divi||400&#8243; global_colors_info=&#8220;{}&#8220;][\/et_pb_button][et_pb_text _builder_version=&#8220;4.27.6&#8243; _module_preset=&#8220;default&#8220; hover_enabled=&#8220;0&#8243; global_colors_info=&#8220;{}&#8220; text_font_size=&#8220;18px&#8220; sticky_enabled=&#8220;0&#8243;]<\/p>\n<p>Verwenden Sie ein kleines St\u00fcck Klebeband, um die Klappen an der Innenseite unten zu halten. So kann das Kartonf\u00fcllmaterial nicht darunter gelangen.<\/p>\n<p>[\/et_pb_text][\/et_pb_column][\/et_pb_row][et_pb_row column_structure=&#8220;1_2,1_2&#8243; _builder_version=&#8220;4.16&#8243; _module_preset=&#8220;default&#8220; custom_padding=&#8220;11px||15px|||&#8220; global_colors_info=&#8220;{}&#8220;][et_pb_column type=&#8220;1_2&#8243; _builder_version=&#8220;4.16&#8243; _module_preset=&#8220;default&#8220; global_colors_info=&#8220;{}&#8220;][et_pb_image src=&#8220;https:\/\/blisters4parts.com\/wp-content\/uploads\/Box-with-bottom-protection-scaled-e1639670888244.jpg&#8220; title_text=&#8220;Karton mit Bodenschutz&#8220; _builder_version=&#8220;4.16&#8243; _module_preset=&#8220;default&#8220; global_colors_info=&#8220;{}&#8220;][\/et_pb_image][\/et_pb_column][et_pb_column type=&#8220;1_2&#8243; _builder_version=&#8220;4.16&#8243; _module_preset=&#8220;default&#8220; global_colors_info=&#8220;{}&#8220;][et_pb_text _builder_version=&#8220;4.27.6&#8243; _module_preset=&#8220;default&#8220; hover_enabled=&#8220;0&#8243; global_colors_info=&#8220;{}&#8220; text_font_size=&#8220;18px&#8220; sticky_enabled=&#8220;0&#8243;]<\/p>\n<p>Legen Sie etwas F\u00fcllmaterial auf den Boden des Kartons. Verwenden Sie am besten ein starkes F\u00fcllmaterial, das seine Form nicht verliert.<\/p>\n<p>Beachten Sie, dass die Packung mit Teilen f\u00fcr F\u00fcllmaterialien wie Papier, Schaumstoffflocken relativ schwer sein kann. Wenn das F\u00fcllmaterial nicht stark genug ist, schafft Ihre Blisterstapel einen eigenen Freiraum im Inneren des Kartons, wodurch die Festigkeit des Kartons auch gegen\u00fcber St\u00f6\u00dfen von au\u00dfen verringert wird.<\/p>\n<p>Wir k\u00f6nnen die S-f\u00f6rmigen Styroporflocken empfehlen, die Sie auf dem Bild sehen. Aber auch starke flexibele Kunststoffschaumplatten werden den Job machen.<\/p>\n<p>[\/et_pb_text][\/et_pb_column][\/et_pb_row][et_pb_row column_structure=&#8220;1_2,1_2&#8243; _builder_version=&#8220;4.16&#8243; _module_preset=&#8220;default&#8220; custom_padding=&#8220;11px||15px|||&#8220; global_colors_info=&#8220;{}&#8220;][et_pb_column type=&#8220;1_2&#8243; _builder_version=&#8220;4.16&#8243; _module_preset=&#8220;default&#8220; global_colors_info=&#8220;{}&#8220;][et_pb_image src=&#8220;https:\/\/blisters4parts.com\/wp-content\/uploads\/Box-with-products-scaled-e1639670977705.jpg&#8220; title_text=&#8220;Karton mit Produkte&#8220; _builder_version=&#8220;4.16&#8243; _module_preset=&#8220;default&#8220; global_colors_info=&#8220;{}&#8220;][\/et_pb_image][\/et_pb_column][et_pb_column type=&#8220;1_2&#8243; _builder_version=&#8220;4.16&#8243; _module_preset=&#8220;default&#8220; global_colors_info=&#8220;{}&#8220;][et_pb_text _builder_version=&#8220;4.27.6&#8243; _module_preset=&#8220;default&#8220; hover_enabled=&#8220;0&#8243; global_colors_info=&#8220;{}&#8220; text_font_size=&#8220;18px&#8220; sticky_enabled=&#8220;0&#8243;]<\/p>\n<p>Jetzt k\u00f6nnen Sie Ihre Blisterverpackung in die Mitte des Kartons legen.<\/p>\n<p>[\/et_pb_text][\/et_pb_column][\/et_pb_row][et_pb_row column_structure=&#8220;1_2,1_2&#8243; _builder_version=&#8220;4.16&#8243; _module_preset=&#8220;default&#8220; custom_padding=&#8220;11px||15px|||&#8220; global_colors_info=&#8220;{}&#8220;][et_pb_column type=&#8220;1_2&#8243; _builder_version=&#8220;4.16&#8243; _module_preset=&#8220;default&#8220; global_colors_info=&#8220;{}&#8220;][et_pb_image src=&#8220;https:\/\/blisters4parts.com\/wp-content\/uploads\/Box-cut-in-corners-scaled-e1639671098349.jpg&#8220; title_text=&#8220;Kartonschnitt in den oberen Ecken&#8220; _builder_version=&#8220;4.16&#8243; _module_preset=&#8220;default&#8220; global_colors_info=&#8220;{}&#8220;][\/et_pb_image][\/et_pb_column][et_pb_column type=&#8220;1_2&#8243; _builder_version=&#8220;4.16&#8243; _module_preset=&#8220;default&#8220; global_colors_info=&#8220;{}&#8220;][et_pb_text _builder_version=&#8220;4.27.6&#8243; _module_preset=&#8220;default&#8220; hover_enabled=&#8220;0&#8243; global_colors_info=&#8220;{}&#8220; text_font_size=&#8220;18px&#8220; sticky_enabled=&#8220;0&#8243;]<\/p>\n<p>Legen Sie F\u00fcllmaterial an die Seiten und auf die Blisterverpackung, um die Blisterverpackung vor allen seitlichen St\u00f6\u00dfen zu sch\u00fctzen.<\/p>\n<p>Wenn die H\u00f6he der Blisterverpackung viel geringer ist als die H\u00f6he des Kartons, k\u00f6nnen Sie den Karton entlang der Ecken abschneiden, beginnend bei der Oberseite Ihres F\u00fcllmaterials.<\/p>\n<p>[\/et_pb_text][\/et_pb_column][\/et_pb_row][et_pb_row column_structure=&#8220;1_2,1_2&#8243; _builder_version=&#8220;4.16&#8243; _module_preset=&#8220;default&#8220; custom_padding=&#8220;11px||15px|||&#8220; global_colors_info=&#8220;{}&#8220;][et_pb_column type=&#8220;1_2&#8243; _builder_version=&#8220;4.16&#8243; _module_preset=&#8220;default&#8220; global_colors_info=&#8220;{}&#8220;][et_pb_image src=&#8220;https:\/\/blisters4parts.com\/wp-content\/uploads\/Box-closed-scaled.jpg&#8220; title_text=&#8220;Geschlossene Karton mit Blisterverpackung&#8220; _builder_version=&#8220;4.16&#8243; _module_preset=&#8220;default&#8220; global_colors_info=&#8220;{}&#8220;][\/et_pb_image][\/et_pb_column][et_pb_column type=&#8220;1_2&#8243; _builder_version=&#8220;4.16&#8243; _module_preset=&#8220;default&#8220; global_colors_info=&#8220;{}&#8220;][et_pb_text _builder_version=&#8220;4.27.6&#8243; _module_preset=&#8220;default&#8220; hover_enabled=&#8220;0&#8243; global_colors_info=&#8220;{}&#8220; text_font_size=&#8220;18px&#8220; sticky_enabled=&#8220;0&#8243;]<\/p>\n<p>Schlie\u00dfen Sie nun die oberen Klappen. Legen Sie Ihre Hand flach auf das F\u00fcllmaterial und dr\u00fccken Sie mit den Fingern gegen die Stelle, an der der Karton gefaltet werden soll. Um eine sch\u00f6ne Faltung zu erhalten, k\u00f6nnen Sie auch eine stabile Kartonplatte auf das F\u00fcllmaterial legen.<\/p>\n<p>Schlie\u00dfen Sie den Karton und verwenden Sie ausreichend Klebeband, um ein versehentliches \u00d6ffnen des Kartons zu verhindern. Am besten rundum um den Karton gehen, denn dann h\u00e4ngt das Verschlie\u00dfen des Kartons nicht davon ab, wie stark das Klebeband auf dem Karton klebt. Auf diese Weise nutzen Sie die St\u00e4rke des Klebebandes.<\/p>\n<p>&nbsp;<\/p>\n<p>[\/et_pb_text][\/et_pb_column][\/et_pb_row][et_pb_row column_structure=&#8220;1_2,1_2&#8243; _builder_version=&#8220;4.16&#8243; _module_preset=&#8220;default&#8220; custom_padding=&#8220;11px||15px|||&#8220; global_colors_info=&#8220;{}&#8220;][et_pb_column type=&#8220;1_2&#8243; _builder_version=&#8220;4.16&#8243; _module_preset=&#8220;default&#8220; global_colors_info=&#8220;{}&#8220;][et_pb_image src=&#8220;https:\/\/blisters4parts.com\/wp-content\/uploads\/Box-protected-against-rain-scaled.jpg&#8220; title_text=&#8220;Karton gegen Regen gesch\u00fctzt&#8220; _builder_version=&#8220;4.16&#8243; _module_preset=&#8220;default&#8220; global_colors_info=&#8220;{}&#8220;][\/et_pb_image][\/et_pb_column][et_pb_column type=&#8220;1_2&#8243; _builder_version=&#8220;4.16&#8243; _module_preset=&#8220;default&#8220; global_colors_info=&#8220;{}&#8220;][et_pb_text _builder_version=&#8220;4.27.6&#8243; _module_preset=&#8220;default&#8220; hover_enabled=&#8220;0&#8243; global_colors_info=&#8220;{}&#8220; text_font_size=&#8220;18px&#8220; sticky_enabled=&#8220;0&#8243;]<\/p>\n<p>Haben Sie jemals die Wirkung eines Regenschauers \u00fcber Ihrer sorgf\u00e4ltig verpackten Karton erlebt? Die Gefahr ist gro\u00df, dass die Teile auf der Stra\u00dfe landen.<\/p>\n<p>Die Verwendung von schwarzer Schrumpffolie bietet einen guten Schutz gegen Regen, verleiht aber auch zus\u00e4tzliche Festigkeit gegen seitliche St\u00f6\u00dfe w\u00e4hrend des Transports.<\/p>\n<p>Der Vorteil der schwarzen Schrumpffolie ist, dass sie Aufkleber abdeckt, wenn den Karton vorher verwendet wurde. Nat\u00fcrlich kann auch transparente Schrumpffolie verwendet werden.<\/p>\n<p>[\/et_pb_text][\/et_pb_column][\/et_pb_row][et_pb_row column_structure=&#8220;1_2,1_2&#8243; _builder_version=&#8220;4.16&#8243; _module_preset=&#8220;default&#8220; global_colors_info=&#8220;{}&#8220;][et_pb_column type=&#8220;1_2&#8243; _builder_version=&#8220;4.16&#8243; _module_preset=&#8220;default&#8220; global_colors_info=&#8220;{}&#8220;][\/et_pb_column][et_pb_column type=&#8220;1_2&#8243; _builder_version=&#8220;4.16&#8243; _module_preset=&#8220;default&#8220; global_colors_info=&#8220;{}&#8220;][et_pb_text _builder_version=&#8220;4.16&#8243; _module_preset=&#8220;default&#8220; text_text_color=&#8220;#01C000&#8243; text_font_size=&#8220;20px&#8220; global_colors_info=&#8220;{}&#8220;]<\/p>\n<p>Wenn Sie unsere Kartons verwenden m\u00f6chten, k\u00f6nnen wir sie zusammen mit den Blister liefern, die Sie kaufen m\u00f6chten<\/p>\n<p>[\/et_pb_text][et_pb_button button_url=&#8220;https:\/\/blisters4parts.com\/de\/home\/kartons\/&#8220; button_text=&#8220;Unsere Kartons&#8220; _builder_version=&#8220;4.16&#8243; _module_preset=&#8220;default&#8220; custom_button=&#8220;on&#8220; button_text_color=&#8220;#FFFFFF&#8220; button_bg_color=&#8220;#283D86&#8243; button_icon=&#8220;&#x24;||divi||400&#8243; global_colors_info=&#8220;{}&#8220;][\/et_pb_button][\/et_pb_column][\/et_pb_row][\/et_pb_section]<\/p>\n","protected":false},"excerpt":{"rendered":"<p>BlisterverpackungsanweisungBei Verwendung von Transportkisten Unsere gro\u00dfen Blister passen perfekt in die Standard-Euronorm-Transportkisten mit den Ma\u00dfen 400x300xH mm. Das H steht f\u00fcr die verschiedenen H\u00f6hen, die auf dem Markt erh\u00e4ltlich sind. Die kleinen Blister sind so konzipiert, dass sie in die kleinere Euronorm-Box mit den Ma\u00dfen 300x200xH mm passen. Sie k\u00f6nnen auch 2 Stapel mit kleinen [&hellip;]<\/p>\n","protected":false},"author":1,"featured_media":0,"parent":0,"menu_order":0,"comment_status":"closed","ping_status":"closed","template":"","meta":{"_et_pb_use_builder":"on","_et_pb_old_content":"","_et_gb_content_width":"","footnotes":""},"class_list":["post-1476","page","type-page","status-publish","hentry"],"_links":{"self":[{"href":"https:\/\/blisters4parts.com\/de\/wp-json\/wp\/v2\/pages\/1476","targetHints":{"allow":["GET"]}}],"collection":[{"href":"https:\/\/blisters4parts.com\/de\/wp-json\/wp\/v2\/pages"}],"about":[{"href":"https:\/\/blisters4parts.com\/de\/wp-json\/wp\/v2\/types\/page"}],"author":[{"embeddable":true,"href":"https:\/\/blisters4parts.com\/de\/wp-json\/wp\/v2\/users\/1"}],"replies":[{"embeddable":true,"href":"https:\/\/blisters4parts.com\/de\/wp-json\/wp\/v2\/comments?post=1476"}],"version-history":[{"count":21,"href":"https:\/\/blisters4parts.com\/de\/wp-json\/wp\/v2\/pages\/1476\/revisions"}],"predecessor-version":[{"id":4842,"href":"https:\/\/blisters4parts.com\/de\/wp-json\/wp\/v2\/pages\/1476\/revisions\/4842"}],"wp:attachment":[{"href":"https:\/\/blisters4parts.com\/de\/wp-json\/wp\/v2\/media?parent=1476"}],"curies":[{"name":"wp","href":"https:\/\/api.w.org\/{rel}","templated":true}]}}