{"id":1491,"date":"2021-11-30T17:30:16","date_gmt":"2021-11-30T16:30:16","guid":{"rendered":"https:\/\/blisters4parts.com\/home\/blister\/"},"modified":"2026-05-05T16:35:06","modified_gmt":"2026-05-05T14:35:06","slug":"blister","status":"publish","type":"page","link":"https:\/\/blisters4parts.com\/de\/home\/blister\/","title":{"rendered":"Blister"},"content":{"rendered":"<p>[et_pb_section fb_built=&#8220;1&#8243; disabled_on=&#8220;off|off|off&#8220; _builder_version=&#8220;4.16&#8243; _module_preset=&#8220;default&#8220; custom_padding=&#8220;12px|||||&#8220; global_colors_info=&#8220;{}&#8220;][et_pb_row column_structure=&#8220;2_5,3_5&#8243; _builder_version=&#8220;4.16&#8243; _module_preset=&#8220;default&#8220; custom_margin=&#8220;0px||||false|false&#8220; custom_padding=&#8220;0px||||false|false&#8220; global_colors_info=&#8220;{}&#8220;][et_pb_column type=&#8220;2_5&#8243; _builder_version=&#8220;4.16&#8243; _module_preset=&#8220;default&#8220; global_colors_info=&#8220;{}&#8220;][et_pb_text _builder_version=&#8220;4.16&#8243; _module_preset=&#8220;default&#8220; text_font=&#8220;|||on|||||&#8220; text_text_color=&#8220;#01C000&#8243; text_font_size=&#8220;18px&#8220; global_colors_info=&#8220;{}&#8220;]<\/p>\n<p>W\u00e4hlen Sie Ihre Blister mit den Schiebereglern aus<\/p>\n<p>[\/et_pb_text][et_pb_text _builder_version=&#8220;4.26.0&#8243; _module_preset=&#8220;default&#8220; text_font_size=&#8220;18px&#8220; global_colors_info=&#8220;{}&#8220;]<\/p>\n<ol>\n<li>Die <strong>linke Seite der Schieberegler<\/strong> wird verwendet, um Ihre Produktabmessungen einzugeben<\/li>\n<li>Die <strong>rechte Seite<\/strong> wird verwendet, um die L\u00f6sungen einzugrenzen<\/li>\n<li>Die <strong>Tiefe<\/strong> muss etwas gr\u00f6\u00dfer sein als die H\u00f6he Ihres Produkts, sonst erhalten Sie keinen stabilen Blisterstapel<\/li>\n<\/ol>\n<p>[\/et_pb_text][et_pb_code _builder_version=&#8220;4.27.6&#8243; _module_preset=&#8220;default&#8220; hover_enabled=&#8220;0&#8243; global_colors_info=&#8220;{}&#8220; sticky_enabled=&#8220;0&#8243;][\/et_pb_code][et_pb_divider divider_weight=&#8220;2px&#8220; _builder_version=&#8220;4.21.0&#8243; _module_preset=&#8220;default&#8220; custom_margin=&#8220;20px||||false|false&#8220; custom_padding=&#8220;20px||||false|false&#8220; global_colors_info=&#8220;{}&#8220;][\/et_pb_divider][et_pb_heading title=&#8220;NEW DEVELOPMENT!!!&#8220; _builder_version=&#8220;4.27.4&#8243; _module_preset=&#8220;default&#8220; global_colors_info=&#8220;{}&#8220;][\/et_pb_heading][et_pb_heading title=&#8220; Version D is super rigid and does not need lids&#8220; _builder_version=&#8220;4.27.4&#8243; _module_preset=&#8220;default&#8220; global_colors_info=&#8220;{}&#8220;][\/et_pb_heading][et_pb_text _builder_version=&#8220;4.27.6&#8243; _module_preset=&#8220;default&#8220; text_font_size=&#8220;18px&#8220; custom_margin=&#8220;||0px||false|false&#8220; custom_padding=&#8220;||0px||false|false&#8220; global_colors_info=&#8220;{}&#8220;]<\/p>\n<p>Wir haben unseren Bestseller Art-107c neu \u00fcberarbeitet.<\/p>\n<p><\/p>\n<p>Art-307d ist extrem stabil und steif und wenn man sie um 180 Grad dreht, k\u00f6nnen sie aufeinander stehen. Auf diese Weise braucht man keine Deckel mehr. <\/p>\n<p>[\/et_pb_text][et_pb_image src=&#8220;https:\/\/blisters4parts.com\/wp-content\/uploads\/307d-iso.png&#8220; title_text=&#8220;307d-iso&#8220; _builder_version=&#8220;4.27.4&#8243; _module_preset=&#8220;default&#8220; global_colors_info=&#8220;{}&#8220;][\/et_pb_image][et_pb_divider divider_weight=&#8220;2px&#8220; _builder_version=&#8220;4.21.0&#8243; _module_preset=&#8220;default&#8220; custom_margin=&#8220;20px||||false|false&#8220; custom_padding=&#8220;20px||||false|false&#8220; global_colors_info=&#8220;{}&#8220;][\/et_pb_divider][et_pb_heading title=&#8220;Version C has bumps&#8220; _builder_version=&#8220;4.26.0&#8243; _module_preset=&#8220;default&#8220; global_colors_info=&#8220;{}&#8220;][\/et_pb_heading][et_pb_text _builder_version=&#8220;4.26.0&#8243; _module_preset=&#8220;default&#8220; text_font_size=&#8220;18px&#8220; custom_margin=&#8220;||-12px||false|false&#8220; custom_padding=&#8220;||0px||false|false&#8220; global_colors_info=&#8220;{}&#8220;]<\/p>\n<p>Artikel mit einem C hinter der Artikelnummer haben Noppen an der Unterseite der Blister. Die Noppen sorgen f\u00fcr eine bessere Sto\u00dfd\u00e4mpfung der Teile in gestapelten Blistern. <\/p>\n<p>[\/et_pb_text][et_pb_image src=&#8220;https:\/\/blisters4parts.com\/wp-content\/uploads\/Bubbles-in-Art.107-rotated-e1722245596498.jpg&#8220; title_text=&#8220;Noppen in Art.107&#8243; _builder_version=&#8220;4.26.0&#8243; _module_preset=&#8220;default&#8220; custom_margin=&#8220;12px||||false|false&#8220; global_colors_info=&#8220;{}&#8220;][\/et_pb_image][et_pb_divider divider_weight=&#8220;2px&#8220; _builder_version=&#8220;4.21.0&#8243; _module_preset=&#8220;default&#8220; custom_margin=&#8220;20px||||false|false&#8220; custom_padding=&#8220;20px||||false|false&#8220; global_colors_info=&#8220;{}&#8220;][\/et_pb_divider][et_pb_text _builder_version=&#8220;4.21.0&#8243; _module_preset=&#8220;default&#8220; custom_margin=&#8220;||-12px||false|false&#8220; custom_padding=&#8220;||0px||false|false&#8220; global_colors_info=&#8220;{}&#8220;]<\/p>\n<p>Beispiel f\u00fcr professionell verpackte Edelstahlteile im Blister (Art.204-S) mit Deckel (Art.220-S)<\/p>\n<p>[\/et_pb_text][et_pb_image src=&#8220;https:\/\/blisters4parts.com\/wp-content\/uploads\/Blisters-with-parts-1-scaled.jpg&#8220; title_text=&#8220;Blister mit Bauteilen&#8220; _builder_version=&#8220;4.21.0&#8243; _module_preset=&#8220;default&#8220; global_colors_info=&#8220;{}&#8220;][\/et_pb_image][\/et_pb_column][et_pb_column type=&#8220;3_5&#8243; _builder_version=&#8220;4.16&#8243; _module_preset=&#8220;default&#8220; global_colors_info=&#8220;{}&#8220;][et_pb_text _builder_version=&#8220;4.17.0&#8243; _module_preset=&#8220;default&#8220; text_text_color=&#8220;#01C000&#8243; text_font_size=&#8220;18px&#8220; global_colors_info=&#8220;{}&#8220;]<\/p>\n<p>Alle unsere Blister und Deckel haben die Ma\u00dfe 350&#215;250 oder 265&#215;165 mm. Die kleineren Blister sind mit S hinter der Artikelnummer gekennzeichnet.<\/p>\n<p>[\/et_pb_text][et_pb_shop type=&#8220;product_category&#8220; posts_number=&#8220;32&#8243; show_pagination=&#8220;on&#8220; include_categories=&#8220;16&#8243; orderby=&#8220;menu_order&#8220; _builder_version=&#8220;4.25.1&#8243; _module_preset=&#8220;default&#8220; title_text_color=&#8220;#283D86&#8243; title_font_size=&#8220;16px&#8220; price_text_color=&#8220;#01C000&#8243; price_font_size=&#8220;16px&#8220; price_line_height=&#8220;9px&#8220; global_colors_info=&#8220;{}&#8220;][\/et_pb_shop][\/et_pb_column][\/et_pb_row][\/et_pb_section]<\/p>\n","protected":false},"excerpt":{"rendered":"<p>W\u00e4hlen Sie Ihre Blister mit den Schiebereglern aus Die linke Seite der Schieberegler wird verwendet, um Ihre Produktabmessungen einzugeben Die rechte Seite wird verwendet, um die L\u00f6sungen einzugrenzen Die Tiefe muss etwas gr\u00f6\u00dfer sein als die H\u00f6he Ihres Produkts, sonst erhalten Sie keinen stabilen Blisterstapel Wir haben unseren Bestseller Art-107c neu \u00fcberarbeitet.Art-307d ist extrem stabil [&hellip;]<\/p>\n","protected":false},"author":1,"featured_media":0,"parent":1482,"menu_order":1,"comment_status":"closed","ping_status":"closed","template":"","meta":{"_et_pb_use_builder":"on","_et_pb_old_content":"","_et_gb_content_width":"","footnotes":""},"class_list":["post-1491","page","type-page","status-publish","hentry"],"_links":{"self":[{"href":"https:\/\/blisters4parts.com\/de\/wp-json\/wp\/v2\/pages\/1491","targetHints":{"allow":["GET"]}}],"collection":[{"href":"https:\/\/blisters4parts.com\/de\/wp-json\/wp\/v2\/pages"}],"about":[{"href":"https:\/\/blisters4parts.com\/de\/wp-json\/wp\/v2\/types\/page"}],"author":[{"embeddable":true,"href":"https:\/\/blisters4parts.com\/de\/wp-json\/wp\/v2\/users\/1"}],"replies":[{"embeddable":true,"href":"https:\/\/blisters4parts.com\/de\/wp-json\/wp\/v2\/comments?post=1491"}],"version-history":[{"count":26,"href":"https:\/\/blisters4parts.com\/de\/wp-json\/wp\/v2\/pages\/1491\/revisions"}],"predecessor-version":[{"id":4907,"href":"https:\/\/blisters4parts.com\/de\/wp-json\/wp\/v2\/pages\/1491\/revisions\/4907"}],"up":[{"embeddable":true,"href":"https:\/\/blisters4parts.com\/de\/wp-json\/wp\/v2\/pages\/1482"}],"wp:attachment":[{"href":"https:\/\/blisters4parts.com\/de\/wp-json\/wp\/v2\/media?parent=1491"}],"curies":[{"name":"wp","href":"https:\/\/api.w.org\/{rel}","templated":true}]}}