{"id":1497,"date":"2021-12-07T23:24:43","date_gmt":"2021-12-07T22:24:43","guid":{"rendered":"https:\/\/blisters4parts.com\/home\/kartons\/"},"modified":"2022-02-02T14:05:22","modified_gmt":"2022-02-02T13:05:22","slug":"kartons","status":"publish","type":"page","link":"https:\/\/blisters4parts.com\/de\/home\/kartons\/","title":{"rendered":"Kartons"},"content":{"rendered":"<p>[et_pb_section fb_built=&#8220;1&#8243; _builder_version=&#8220;4.14.2&#8243; _module_preset=&#8220;default&#8220; custom_padding=&#8220;12px|||||&#8220; global_colors_info=&#8220;{}&#8220;][et_pb_row column_structure=&#8220;1_2,1_2&#8243; _builder_version=&#8220;4.14.4&#8243; _module_preset=&#8220;default&#8220; global_colors_info=&#8220;{}&#8220;][et_pb_column type=&#8220;1_2&#8243; _builder_version=&#8220;4.14.4&#8243; _module_preset=&#8220;default&#8220; global_colors_info=&#8220;{}&#8220;][et_pb_text _builder_version=&#8220;4.14.4&#8243; _module_preset=&#8220;default&#8220; text_font=&#8220;|||on|||||&#8220; text_text_color=&#8220;#01C000&#8243; text_font_size=&#8220;18px&#8220; global_colors_info=&#8220;{}&#8220;]<\/p>\n<p>Wie w\u00e4hlt man sich einen Karton aus?<\/p>\n<p>[\/et_pb_text][et_pb_text _builder_version=&#8220;4.14.7&#8243; _module_preset=&#8220;default&#8220; hover_enabled=&#8220;0&#8243; global_colors_info=&#8220;{}&#8220; sticky_enabled=&#8220;0&#8243;]<\/p>\n<p>Ziel ist es, Ihre Produkte so gut wie m\u00f6glich zu sch\u00fctzen. Wenn Sie einen Karton w\u00e4hlen, der in L\u00e4nge und Breite etwas gr\u00f6\u00dfer als die Blister ist, haben Sie eine Pufferzone gegen seitliche St\u00f6\u00dfe beim Transport. Nat\u00fcrlich m\u00fcssen Sie diese Pufferzonen mit flexiblem starrem F\u00fcllmaterial f\u00fcllen.<\/p>\n<p>Wir empfehlen, immer doppelwandige Kartons zu verwenden.<\/p>\n<p>[\/et_pb_text][\/et_pb_column][et_pb_column type=&#8220;1_2&#8243; _builder_version=&#8220;4.14.4&#8243; _module_preset=&#8220;default&#8220; global_colors_info=&#8220;{}&#8220;][et_pb_button button_url=&#8220;https:\/\/blisters4parts.com\/de\/blisterverpackungsanweisung\/&#8220; button_text=&#8220;Unsere Verpackungsanweisung&#8220; _builder_version=&#8220;4.14.4&#8243; _module_preset=&#8220;default&#8220; custom_button=&#8220;on&#8220; button_text_color=&#8220;#FFFFFF&#8220; button_bg_color=&#8220;#283D86&#8243; button_border_radius=&#8220;37px&#8220; button_icon=&#8220;&#x24;||divi||400&#8243; custom_margin=&#8220;50px||||false|false&#8220; custom_padding=&#8220;||||false|false&#8220; global_colors_info=&#8220;{}&#8220;][\/et_pb_button][\/et_pb_column][\/et_pb_row][et_pb_row _builder_version=&#8220;4.14.2&#8243; _module_preset=&#8220;default&#8220; custom_margin=&#8220;0px||||false|false&#8220; custom_padding=&#8220;0px||||false|false&#8220; global_colors_info=&#8220;{}&#8220;][et_pb_column type=&#8220;4_4&#8243; _builder_version=&#8220;4.14.2&#8243; _module_preset=&#8220;default&#8220; global_colors_info=&#8220;{}&#8220;][et_pb_shop type=&#8220;product_category&#8220; posts_number=&#8220;18&#8243; show_pagination=&#8220;on&#8220; include_categories=&#8220;18&#8243; columns_number=&#8220;4&#8243; _builder_version=&#8220;4.14.2&#8243; _module_preset=&#8220;default&#8220; title_text_color=&#8220;#283D86&#8243; title_font_size=&#8220;16px&#8220; price_text_color=&#8220;#01C000&#8243; price_font_size=&#8220;16px&#8220; price_line_height=&#8220;9px&#8220; bapf_apply=&#8220;enable&#8220; global_colors_info=&#8220;{}&#8220;][\/et_pb_shop][\/et_pb_column][\/et_pb_row][\/et_pb_section]<\/p>\n","protected":false},"excerpt":{"rendered":"<p>Wie w\u00e4hlt man sich einen Karton aus?Ziel ist es, Ihre Produkte so gut wie m\u00f6glich zu sch\u00fctzen. Wenn Sie einen Karton w\u00e4hlen, der in L\u00e4nge und Breite etwas gr\u00f6\u00dfer als die Blister ist, haben Sie eine Pufferzone gegen seitliche St\u00f6\u00dfe beim Transport. Nat\u00fcrlich m\u00fcssen Sie diese Pufferzonen mit flexiblem starrem F\u00fcllmaterial f\u00fcllen. Wir empfehlen, immer [&hellip;]<\/p>\n","protected":false},"author":1,"featured_media":0,"parent":1482,"menu_order":3,"comment_status":"closed","ping_status":"closed","template":"","meta":{"_et_pb_use_builder":"on","_et_pb_old_content":"","_et_gb_content_width":"","footnotes":""},"class_list":["post-1497","page","type-page","status-publish","hentry"],"_links":{"self":[{"href":"https:\/\/blisters4parts.com\/de\/wp-json\/wp\/v2\/pages\/1497","targetHints":{"allow":["GET"]}}],"collection":[{"href":"https:\/\/blisters4parts.com\/de\/wp-json\/wp\/v2\/pages"}],"about":[{"href":"https:\/\/blisters4parts.com\/de\/wp-json\/wp\/v2\/types\/page"}],"author":[{"embeddable":true,"href":"https:\/\/blisters4parts.com\/de\/wp-json\/wp\/v2\/users\/1"}],"replies":[{"embeddable":true,"href":"https:\/\/blisters4parts.com\/de\/wp-json\/wp\/v2\/comments?post=1497"}],"version-history":[{"count":9,"href":"https:\/\/blisters4parts.com\/de\/wp-json\/wp\/v2\/pages\/1497\/revisions"}],"predecessor-version":[{"id":1639,"href":"https:\/\/blisters4parts.com\/de\/wp-json\/wp\/v2\/pages\/1497\/revisions\/1639"}],"up":[{"embeddable":true,"href":"https:\/\/blisters4parts.com\/de\/wp-json\/wp\/v2\/pages\/1482"}],"wp:attachment":[{"href":"https:\/\/blisters4parts.com\/de\/wp-json\/wp\/v2\/media?parent=1497"}],"curies":[{"name":"wp","href":"https:\/\/api.w.org\/{rel}","templated":true}]}}