{"id":1512,"date":"2021-11-30T17:30:16","date_gmt":"2021-11-30T16:30:16","guid":{"rendered":"https:\/\/blisters4parts.com\/warenkorb\/"},"modified":"2026-04-15T13:29:51","modified_gmt":"2026-04-15T11:29:51","slug":"warenkorb","status":"publish","type":"page","link":"https:\/\/blisters4parts.com\/de\/warenkorb\/","title":{"rendered":"Wagen"},"content":{"rendered":"<p>[et_pb_section fb_built=&#8220;1&#8243; _builder_version=&#8220;4.16&#8243; global_colors_info=&#8220;{}&#8220;][et_pb_row _builder_version=&#8220;4.16&#8243; background_size=&#8220;initial&#8220; background_position=&#8220;top_left&#8220; background_repeat=&#8220;repeat&#8220; global_colors_info=&#8220;{}&#8220;][et_pb_column type=&#8220;4_4&#8243; _builder_version=&#8220;4.16&#8243; custom_padding=&#8220;|||&#8220; global_colors_info=&#8220;{}&#8220; custom_padding__hover=&#8220;|||&#8220;][et_pb_post_title meta=&#8220;off&#8220; featured_image=&#8220;off&#8220; _builder_version=&#8220;4.16&#8243; title_text_color=&#8220;#283D86&#8243; title_font_size=&#8220;33px&#8220; global_colors_info=&#8220;{}&#8220;][\/et_pb_post_title][et_pb_wc_cart_notice _builder_version=&#8220;4.16&#8243; background_color=&#8220;#01C000&#8243; custom_button=&#8220;on&#8220; button_text_color=&#8220;#FFFFFF&#8220; button_bg_color=&#8220;#283D86&#8243; button_border_width=&#8220;0px&#8220; button_border_radius=&#8220;30px&#8220; button_icon=&#8220;&#x24;||divi||400&#8243; global_colors_info=&#8220;{}&#8220; button_bg_color__hover_enabled=&#8220;on|hover&#8220; button_bg_color__hover=&#8220;#6B80B3&#8243; button_bg_enable_color__hover=&#8220;on&#8220;][\/et_pb_wc_cart_notice][et_pb_wc_cart_products placeholder_color=&#8220;#FFFFFF&#8220; table_header_background_color=&#8220;#283D86&#8243; _builder_version=&#8220;4.16&#8243; form_field_background_color=&#8220;#FFFFFF&#8220; form_field_text_color=&#8220;#283D86&#8243; form_field_focus_background_color=&#8220;#FFFFFF&#8220; form_field_focus_text_color=&#8220;#01C000&#8243; body_text_color=&#8220;#01C000&#8243; body_font_size=&#8220;16px&#8220; link_text_color=&#8220;#283D86&#8243; link_font_size=&#8220;16px&#8220; table_header_font=&#8220;|600|||||||&#8220; table_header_text_color=&#8220;#FFFFFF&#8220; table_header_font_size=&#8220;16px&#8220; table_header_line_height=&#8220;1em&#8220; form_field_font_size=&#8220;16px&#8220; background_color=&#8220;#FFFFFF&#8220; custom_button=&#8220;on&#8220; button_bg_color_gradient_stops=&#8220;#283d86 0%|#01c000 100%&#8220; button_bg_color_gradient_start=&#8220;#283d86&#8243; button_bg_color_gradient_end=&#8220;#01c000&#8243; button_border_radius=&#8220;30px&#8220; button_icon=&#8220;&#x24;||divi||400&#8243; custom_disabled_button=&#8220;on&#8220; disabled_button_border_color=&#8220;#FFFFFF&#8220; disabled_button_border_radius=&#8220;30px&#8220; disabled_button_icon=&#8220;&#x24;||divi||400&#8243; disabled_button_icon_color=&#8220;#FFFFFF&#8220; global_colors_info=&#8220;{}&#8220; button_bg_color__hover_enabled=&#8220;on|hover&#8220; button_bg_color__hover=&#8220;#6B80B3&#8243; button_bg_enable_color__hover=&#8220;on&#8220; disabled_button_bg_color__hover_enabled=&#8220;off|desktop&#8220; disabled_button_bg_color__hover=&#8220;#6B80B3&#8243; disabled_button_bg_enable_color__hover=&#8220;on&#8220;][\/et_pb_wc_cart_products][et_pb_text _builder_version=&#8220;4.27.6&#8243; _module_preset=&#8220;default&#8220; text_text_color=&#8220;#01C000&#8243; text_font_size=&#8220;26px&#8220; custom_margin=&#8220;||2px||false|false&#8220; custom_padding=&#8220;||0px|||&#8220; hover_enabled=&#8220;0&#8243; global_colors_info=&#8220;{}&#8220; sticky_enabled=&#8220;0&#8243;]<\/p>\n<p>Wir arbeiten mit einem Wagen Rabatt<\/p>\n<p>[\/et_pb_text][et_pb_text _builder_version=&#8220;4.27.6&#8243; _module_preset=&#8220;default&#8220; text_font_size=&#8220;16px&#8220; hover_enabled=&#8220;0&#8243; global_colors_info=&#8220;{}&#8220; sticky_enabled=&#8220;0&#8243; custom_margin=&#8220;5px||0px||false|false&#8220;]<\/p>\n<p><span>5% bei 7-12 Produktkartons in Ihrem Wagen, 10% bei 13-24 Produktkartons, 15% bei 25-49 und 20% bei 50 oder mehr Produktkartons in Ihrem Wagen. Verpackungskartons sind ohne Rabatt.<\/span><\/p>\n<p>[\/et_pb_text][et_pb_text _builder_version=&#8220;4.27.6&#8243; _module_preset=&#8220;default&#8220; text_text_color=&#8220;#01C000&#8243; text_font_size=&#8220;26px&#8220; custom_margin=&#8220;10px||0px||false|false&#8220; custom_padding=&#8220;||0px|||&#8220; hover_enabled=&#8220;0&#8243; global_colors_info=&#8220;{}&#8220; sticky_enabled=&#8220;0&#8243;]<\/p>\n<p>Gro\u00dfe Anzahl von Kartons \/ Einsparung von Transportkosten<\/p>\n<p>[\/et_pb_text][et_pb_text _builder_version=&#8220;4.27.6&#8243; _module_preset=&#8220;default&#8220; text_font_size=&#8220;16px&#8220; hover_enabled=&#8220;0&#8243; global_colors_info=&#8220;{}&#8220; custom_margin=&#8220;5px||0px||false|false&#8220; sticky_enabled=&#8220;0&#8243;]<\/p>\n<p>Bei einer gr\u00f6\u00dferen Anzahl von Kartons wird der Palettentransport irgendwann billiger als der Pakettransport. Wenn Sie einen Palettentransport ben\u00f6tigen, w\u00e4hlen Sie bitte unten die Abholung vor Ort und vervollst\u00e4ndigen Sie dann die Bestellung ohne Transportkosten. Danach k\u00f6nnen Sie sich mit uns in Verbindung setzen, um den Palettentransport zu organisieren.<\/p>\n<p>[\/et_pb_text][et_pb_button button_url=&#8220;https:\/\/blisters4parts.com\/de\/versand\/&#8220; button_text=&#8220;Mehr \u00fcber den Versand und unsere Abholadresse&#8220; _builder_version=&#8220;4.27.6&#8243; _module_preset=&#8220;default&#8220; hover_enabled=&#8220;0&#8243; global_colors_info=&#8220;{}&#8220; custom_margin=&#8220;10px||||false|false&#8220; sticky_enabled=&#8220;0&#8243;][\/et_pb_button][\/et_pb_column][\/et_pb_row][et_pb_row column_structure=&#8220;1_2,1_2&#8243; _builder_version=&#8220;4.16&#8243; background_size=&#8220;initial&#8220; background_position=&#8220;top_left&#8220; background_repeat=&#8220;repeat&#8220; custom_margin=&#8220;-6px|auto||auto||&#8220; global_colors_info=&#8220;{}&#8220;][et_pb_column type=&#8220;1_2&#8243; _builder_version=&#8220;4.16&#8243; custom_padding=&#8220;|||&#8220; global_colors_info=&#8220;{}&#8220; custom_padding__hover=&#8220;|||&#8220;][et_pb_wc_cross_sells _builder_version=&#8220;4.16&#8243; title_text_color=&#8220;#283D86&#8243; title_font_size=&#8220;16px&#8220; price_text_color=&#8220;#01C000&#8243; price_font_size=&#8220;16px&#8220; price_line_height=&#8220;16px&#8220; global_colors_info=&#8220;{}&#8220;][\/et_pb_wc_cross_sells][\/et_pb_column][et_pb_column type=&#8220;1_2&#8243; _builder_version=&#8220;4.16&#8243; custom_padding=&#8220;|||&#8220; global_colors_info=&#8220;{}&#8220; custom_padding__hover=&#8220;|||&#8220;][et_pb_wc_cart_totals _builder_version=&#8220;4.21.0&#8243; title_text_color=&#8220;#283D86&#8243; title_font_size=&#8220;27px&#8220; column_label_font=&#8220;|600|||||||&#8220; column_label_text_align=&#8220;right&#8220; column_label_text_color=&#8220;#283D86&#8243; column_label_font_size=&#8220;16px&#8220; body_font=&#8220;Poppins||||||||&#8220; body_text_align=&#8220;right&#8220; body_text_color=&#8220;#01C000&#8243; body_font_size=&#8220;16px&#8220; link_text_color=&#8220;#01C000&#8243; custom_button=&#8220;on&#8220; button_text_color=&#8220;#FFFFFF&#8220; button_bg_color=&#8220;#283D86&#8243; button_border_width=&#8220;0px&#8220; button_border_color=&#8220;#283D86&#8243; button_border_radius=&#8220;30px&#8220; button_icon=&#8220;$||divi||400&#8243; button_custom_padding=&#8220;0.3em|0em|0.3em|0em|false|false&#8220; max_width=&#8220;100%&#8220; global_colors_info=&#8220;{}&#8220;][\/et_pb_wc_cart_totals][\/et_pb_column][\/et_pb_row][\/et_pb_section]<\/p>\n","protected":false},"excerpt":{"rendered":"<p>Wir arbeiten mit einem Wagen Rabatt5% bei 7-12 Produktkartons in Ihrem Wagen, 10% bei 13-24 Produktkartons, 15% bei 25-49 und 20% bei 50 oder mehr Produktkartons in Ihrem Wagen. Verpackungskartons sind ohne Rabatt.Gro\u00dfe Anzahl von Kartons \/ Einsparung von TransportkostenBei einer gr\u00f6\u00dferen Anzahl von Kartons wird der Palettentransport irgendwann billiger als der Pakettransport. Wenn Sie [&hellip;]<\/p>\n","protected":false},"author":1,"featured_media":0,"parent":0,"menu_order":0,"comment_status":"closed","ping_status":"closed","template":"","meta":{"_et_pb_use_builder":"on","_et_pb_old_content":"","_et_gb_content_width":"","footnotes":""},"class_list":["post-1512","page","type-page","status-publish","hentry"],"_links":{"self":[{"href":"https:\/\/blisters4parts.com\/de\/wp-json\/wp\/v2\/pages\/1512","targetHints":{"allow":["GET"]}}],"collection":[{"href":"https:\/\/blisters4parts.com\/de\/wp-json\/wp\/v2\/pages"}],"about":[{"href":"https:\/\/blisters4parts.com\/de\/wp-json\/wp\/v2\/types\/page"}],"author":[{"embeddable":true,"href":"https:\/\/blisters4parts.com\/de\/wp-json\/wp\/v2\/users\/1"}],"replies":[{"embeddable":true,"href":"https:\/\/blisters4parts.com\/de\/wp-json\/wp\/v2\/comments?post=1512"}],"version-history":[{"count":50,"href":"https:\/\/blisters4parts.com\/de\/wp-json\/wp\/v2\/pages\/1512\/revisions"}],"predecessor-version":[{"id":4854,"href":"https:\/\/blisters4parts.com\/de\/wp-json\/wp\/v2\/pages\/1512\/revisions\/4854"}],"wp:attachment":[{"href":"https:\/\/blisters4parts.com\/de\/wp-json\/wp\/v2\/media?parent=1512"}],"curies":[{"name":"wp","href":"https:\/\/api.w.org\/{rel}","templated":true}]}}