{"id":1542,"date":"2022-01-28T17:46:56","date_gmt":"2022-01-28T16:46:56","guid":{"rendered":"https:\/\/blisters4parts.com\/versand\/"},"modified":"2026-04-15T13:21:01","modified_gmt":"2026-04-15T11:21:01","slug":"versand","status":"publish","type":"page","link":"https:\/\/blisters4parts.com\/de\/versand\/","title":{"rendered":"Versand"},"content":{"rendered":"<p>[et_pb_section fb_built=&#8220;1&#8243; _builder_version=&#8220;4.16&#8243; _module_preset=&#8220;default&#8220; global_colors_info=&#8220;{}&#8220;][et_pb_row _builder_version=&#8220;4.16&#8243; _module_preset=&#8220;default&#8220; custom_padding=&#8220;12px|||||&#8220; global_colors_info=&#8220;{}&#8220;][et_pb_column type=&#8220;4_4&#8243; _builder_version=&#8220;4.16&#8243; _module_preset=&#8220;default&#8220; global_colors_info=&#8220;{}&#8220;][et_pb_text _builder_version=&#8220;4.16&#8243; _module_preset=&#8220;default&#8220; text_text_color=&#8220;#01C000&#8243; text_font_size=&#8220;28px&#8220; global_colors_info=&#8220;{}&#8220;]<\/p>\n<p>Versand<\/p>\n<p>[\/et_pb_text][\/et_pb_column][\/et_pb_row][et_pb_row column_structure=&#8220;3_5,2_5&#8243; _builder_version=&#8220;4.18.0&#8243; _module_preset=&#8220;default&#8220; custom_margin=&#8220;0px||20px||false|false&#8220; custom_padding=&#8220;10px|10px|10px|10px|true|true&#8220; border_radii=&#8220;on|13px|13px|13px|13px&#8220; border_width_all=&#8220;3px&#8220; border_color_all=&#8220;#283D86&#8243; global_colors_info=&#8220;{}&#8220;][et_pb_column type=&#8220;3_5&#8243; _builder_version=&#8220;4.16&#8243; _module_preset=&#8220;default&#8220; global_colors_info=&#8220;{}&#8220;][et_pb_text _builder_version=&#8220;4.18.0&#8243; _module_preset=&#8220;default&#8220; text_text_color=&#8220;#01C000&#8243; text_font_size=&#8220;20px&#8220; global_colors_info=&#8220;{}&#8220;]<\/p>\n<p>Abholung vor Ort<\/p>\n<p>[\/et_pb_text][et_pb_text _builder_version=&#8220;4.27.6&#8243; _module_preset=&#8220;default&#8220; text_line_height=&#8220;1em&#8220; header_3_text_color=&#8220;#01C000&#8243; header_3_font_size=&#8220;20px&#8220; hover_enabled=&#8220;0&#8243; global_colors_info=&#8220;{}&#8220; text_text_color__hover_enabled=&#8220;on|hover&#8220; text_font_size=&#8220;17px&#8220; sticky_enabled=&#8220;0&#8243;]<\/p>\n<p>Falls Sie Ihre Eink\u00e4ufe in unserem Lager abholen m\u00f6chten, rufen Sie bitte unser Lager an und vereinbaren einen Termin.<\/p>\n<p>Die Adresse des Lagers lautet:<\/p>\n<p style=\"padding-left: 40px;\">Verhappen Transport BV<\/p>\n<p style=\"padding-left: 40px;\"><span>Kanaaldijk Zuid West 9d<\/span><\/p>\n<p style=\"padding-left: 40px;\"><span>5706 LD Helmond<\/span><\/p>\n<p style=\"padding-left: 40px;\">Niederlande<span><\/span><\/p>\n<p style=\"padding-left: 40px;\">Tel: +31 85 782 6000<\/p>\n<p>&nbsp;<\/p>\n<p>[\/et_pb_text][\/et_pb_column][et_pb_column type=&#8220;2_5&#8243; _builder_version=&#8220;4.16&#8243; _module_preset=&#8220;default&#8220; global_colors_info=&#8220;{}&#8220;][et_pb_image src=&#8220;https:\/\/blisters4parts.com\/wp-content\/uploads\/fast-truck.png&#8220; title_text=&#8220;fast truck&#8220; align=&#8220;center&#8220; _builder_version=&#8220;4.16&#8243; _module_preset=&#8220;default&#8220; custom_margin=&#8220;50px||||false|false&#8220; global_colors_info=&#8220;{}&#8220;][\/et_pb_image][\/et_pb_column][\/et_pb_row][et_pb_row column_structure=&#8220;3_5,2_5&#8243; _builder_version=&#8220;4.16&#8243; _module_preset=&#8220;default&#8220; custom_padding=&#8220;10px|10px|10px|10px|true|true&#8220; border_radii=&#8220;on|13px|13px|13px|13px&#8220; border_width_all=&#8220;3px&#8220; border_color_all=&#8220;#283D86&#8243; global_colors_info=&#8220;{}&#8220;][et_pb_column type=&#8220;3_5&#8243; _builder_version=&#8220;4.16&#8243; _module_preset=&#8220;default&#8220; global_colors_info=&#8220;{}&#8220;][et_pb_text _builder_version=&#8220;4.18.0&#8243; _module_preset=&#8220;default&#8220; text_text_color=&#8220;#01C000&#8243; text_font_size=&#8220;20px&#8220; global_colors_info=&#8220;{}&#8220;]<\/p>\n<p>Unsere Standardliefermethode<\/p>\n<p>[\/et_pb_text][et_pb_text _builder_version=&#8220;4.27.6&#8243; _module_preset=&#8220;default&#8220; header_3_text_color=&#8220;#01C000&#8243; header_3_font_size=&#8220;20px&#8220; hover_enabled=&#8220;0&#8243; global_colors_info=&#8220;{}&#8220; text_text_color__hover_enabled=&#8220;on|hover&#8220; text_font_size=&#8220;18px&#8220; sticky_enabled=&#8220;0&#8243;]<\/p>\n<p>Ihre Eink\u00e4ufe werden noch am selben Tag versendet, wenn Sie vor 15.00 Uhr bestellen.<\/p>\n<p>Wir nutzen den DHL Parcel Dienst.<\/p>\n<p>Die Lieferzeit:<\/p>\n<ul>\n<li>NL: 1 Tag<\/li>\n<li>BE, LUX, DE: 1-2 Tage<\/li>\n<li>Andere L\u00e4nder: 2 oder mehr Tage, je nach Entfernung<\/li>\n<\/ul>\n<h3><\/h3>\n<h3>Transportpreise<\/h3>\n<p>Der Preis pro Produktkarton h\u00e4ngt vom Bestimmungsland ab. Sie k\u00f6nnen die Transportkosten f\u00fcr Ihr Land auf der <a href=\"https:\/\/blisters4parts.com\/de\/warenkorb\/\">Warenkorb-Seite<\/a> berechnen. Die Mehrwertsteuer wird abgezogen, sobald Sie Ihre EU-Mehrwertsteuer-Nummer angeben.<\/p>\n<p>Der Versandpreis h\u00e4ngt von Ihrem Land ab. Und falls Sie mehr als 1 Produktkarton kaufen, haben die zus\u00e4tzlichen Kartons einen etwas besseren Preis als der erste.<\/p>\n<p>Um zu sehen, wie sich dies f\u00fcr Sie auswirkt, k\u00f6nnen Sie ein wenig mit der Menge spielen und das Bestimmungsland auf der Warenkorb-Seite festlegen.<\/p>\n<p>[\/et_pb_text][\/et_pb_column][et_pb_column type=&#8220;2_5&#8243; _builder_version=&#8220;4.16&#8243; _module_preset=&#8220;default&#8220; global_colors_info=&#8220;{}&#8220;][et_pb_image src=&#8220;https:\/\/blisters4parts.com\/wp-content\/uploads\/green-truck.png&#8220; title_text=&#8220;green truck&#8220; align=&#8220;center&#8220; _builder_version=&#8220;4.16&#8243; _module_preset=&#8220;default&#8220; custom_margin=&#8220;50px||||false|false&#8220; global_colors_info=&#8220;{}&#8220;][\/et_pb_image][\/et_pb_column][\/et_pb_row][et_pb_row column_structure=&#8220;3_5,2_5&#8243; _builder_version=&#8220;4.16&#8243; _module_preset=&#8220;default&#8220; custom_margin=&#8220;25px||||false|false&#8220; custom_padding=&#8220;10px|10px|10px|10px|true|true&#8220; border_radii=&#8220;on|13px|13px|13px|13px&#8220; border_width_all=&#8220;3px&#8220; border_color_all=&#8220;#283D86&#8243; global_colors_info=&#8220;{}&#8220;][et_pb_column type=&#8220;3_5&#8243; _builder_version=&#8220;4.16&#8243; _module_preset=&#8220;default&#8220; global_colors_info=&#8220;{}&#8220;][et_pb_text _builder_version=&#8220;4.18.0&#8243; _module_preset=&#8220;default&#8220; text_text_color=&#8220;#01C000&#8243; text_font_size=&#8220;20px&#8220; global_colors_info=&#8220;{}&#8220;]<\/p>\n<p>Sie m\u00f6chten Ihre eigene Expresskurierdienstleistung nutzen?<\/p>\n<p>[\/et_pb_text][et_pb_text _builder_version=&#8220;4.27.6&#8243; _module_preset=&#8220;default&#8220; hover_enabled=&#8220;0&#8243; global_colors_info=&#8220;{}&#8220; text_font_size=&#8220;18px&#8220; sticky_enabled=&#8220;0&#8243;]<\/p>\n<p>Wenn Sie eine besonders schnelle Lieferung w\u00fcnschen, k\u00f6nnen Sie die Pakete von Ihrem eigenen Kurierdienst abholen lassen.<\/p>\n<p>Um diese Option zu nutzen, folgen Sie bitte die folgenden Schritte:<\/p>\n<ul>\n<li>Auf der Warenkorbseite k\u00f6nnen Sie die Versandoption &#8222;Abholung vor Ort&#8220; ausw\u00e4hlen<\/li>\n<li>Rufen Sie uns an (+31 62073 5522), um die Menge der zu versendenden Pakete, das Gewicht und die Abmessungen zu erfahren.<\/li>\n<li>Dann senden Sie uns Ihre Etiketten per E-Mail<\/li>\n<li>Die Abholadresse ist unsere lokale Abholadresse, die oben auf dieser Seite angegeben ist<\/li>\n<\/ul>\n<p>[\/et_pb_text][\/et_pb_column][et_pb_column type=&#8220;2_5&#8243; _builder_version=&#8220;4.16&#8243; _module_preset=&#8220;default&#8220; global_colors_info=&#8220;{}&#8220;][et_pb_image src=&#8220;https:\/\/blisters4parts.com\/wp-content\/uploads\/Parcel-service.jpg&#8220; title_text=&#8220;Parcel service&#8220; align=&#8220;center&#8220; _builder_version=&#8220;4.18.0&#8243; _module_preset=&#8220;default&#8220; custom_margin=&#8220;50px||||false|false&#8220; global_colors_info=&#8220;{}&#8220;][\/et_pb_image][\/et_pb_column][\/et_pb_row][\/et_pb_section]<\/p>\n","protected":false},"excerpt":{"rendered":"<p>VersandAbholung vor OrtFalls Sie Ihre Eink\u00e4ufe in unserem Lager abholen m\u00f6chten, rufen Sie bitte unser Lager an und vereinbaren einen Termin. Die Adresse des Lagers lautet: Verhappen Transport BV Kanaaldijk Zuid West 9d 5706 LD Helmond Niederlande Tel: +31 85 782 6000 &nbsp;Unsere StandardliefermethodeIhre Eink\u00e4ufe werden noch am selben Tag versendet, wenn Sie vor 15.00 [&hellip;]<\/p>\n","protected":false},"author":1,"featured_media":0,"parent":0,"menu_order":0,"comment_status":"closed","ping_status":"closed","template":"","meta":{"_et_pb_use_builder":"on","_et_pb_old_content":"","_et_gb_content_width":"","footnotes":""},"class_list":["post-1542","page","type-page","status-publish","hentry"],"_links":{"self":[{"href":"https:\/\/blisters4parts.com\/de\/wp-json\/wp\/v2\/pages\/1542","targetHints":{"allow":["GET"]}}],"collection":[{"href":"https:\/\/blisters4parts.com\/de\/wp-json\/wp\/v2\/pages"}],"about":[{"href":"https:\/\/blisters4parts.com\/de\/wp-json\/wp\/v2\/types\/page"}],"author":[{"embeddable":true,"href":"https:\/\/blisters4parts.com\/de\/wp-json\/wp\/v2\/users\/1"}],"replies":[{"embeddable":true,"href":"https:\/\/blisters4parts.com\/de\/wp-json\/wp\/v2\/comments?post=1542"}],"version-history":[{"count":21,"href":"https:\/\/blisters4parts.com\/de\/wp-json\/wp\/v2\/pages\/1542\/revisions"}],"predecessor-version":[{"id":4835,"href":"https:\/\/blisters4parts.com\/de\/wp-json\/wp\/v2\/pages\/1542\/revisions\/4835"}],"wp:attachment":[{"href":"https:\/\/blisters4parts.com\/de\/wp-json\/wp\/v2\/media?parent=1542"}],"curies":[{"name":"wp","href":"https:\/\/api.w.org\/{rel}","templated":true}]}}