{"id":1600,"date":"2022-01-28T17:09:25","date_gmt":"2022-01-28T16:09:25","guid":{"rendered":"https:\/\/blisters4parts.com\/zahlungsmethoden\/"},"modified":"2026-04-15T13:23:38","modified_gmt":"2026-04-15T11:23:38","slug":"zahlungsmethoden","status":"publish","type":"page","link":"https:\/\/blisters4parts.com\/de\/zahlungsmethoden\/","title":{"rendered":"Zahlungsmethoden"},"content":{"rendered":"<p>[et_pb_section fb_built=&#8220;1&#8243; _builder_version=&#8220;4.16&#8243; _module_preset=&#8220;default&#8220; custom_padding=&#8220;23px|||||&#8220; global_colors_info=&#8220;{}&#8220;][et_pb_row _builder_version=&#8220;4.16&#8243; _module_preset=&#8220;default&#8220; custom_padding=&#8220;21px|||||&#8220; global_colors_info=&#8220;{}&#8220;][et_pb_column type=&#8220;4_4&#8243; _builder_version=&#8220;4.16&#8243; _module_preset=&#8220;default&#8220; global_colors_info=&#8220;{}&#8220;][et_pb_text _builder_version=&#8220;4.27.6&#8243; _module_preset=&#8220;default&#8220; text_font_size=&#8220;24px&#8220; hover_enabled=&#8220;0&#8243; text_text_color_tablet=&#8220;#01C000&#8243; text_text_color_phone=&#8220;#01C000&#8243; text_text_color_last_edited=&#8220;on|phone&#8220; global_colors_info=&#8220;{}&#8220; sticky_enabled=&#8220;0&#8243;]<\/p>\n<p>Zahlungsmethoden<\/p>\n<p>[\/et_pb_text][et_pb_text _builder_version=&#8220;4.27.6&#8243; _module_preset=&#8220;default&#8220; text_font_size=&#8220;18px&#8220; text_line_height=&#8220;1.4em&#8220; header_3_text_color=&#8220;#01C000&#8243; hover_enabled=&#8220;0&#8243; text_font_size_tablet=&#8220;16px&#8220; text_font_size_phone=&#8220;13px&#8220; text_font_size_last_edited=&#8220;on|phone&#8220; global_colors_info=&#8220;{}&#8220; sticky_enabled=&#8220;0&#8243;]<\/p>\n<h3>Zahlung nach Lieferung.<\/h3>\n<p>Wenn Sie nach der Lieferung bezahlen m\u00f6chten, erstellen Sie einfach Ihr Konto mit allen Details und rufen Sie uns bitte an. Wir werden die Einstellungen sofort \u00e4ndern, damit Sie die Rechnung nach Erhalt der Ware bezahlen k\u00f6nnen.<\/p>\n<h3>Sonst&#8230;<\/h3>\n<p> Zahlungen an Blisters4Parts.com werden bei der Bestellung auf der Seite &#8222;Kasse&#8220; vollzogen. Der Picking- und Versandprozess beginnt, sobald die Zahlungen auf unserem Bankkonto eingegangen sind.<\/p>\n<p>Wir bieten die folgenden Zahlungsmethoden an:<\/p>\n<ul>\n<li>SEPA-Bank\u00fcberweisung (sollte von \u00fcberall auf der Welt funktionieren, in vielen F\u00e4llen geht das sehr schnell, aber manchmal kann es 1 oder 2 Tage dauern)<\/li>\n<li>iDEAL (funktioniert in den Niederlanden kostenlos)<\/li>\n<li>Maestro (arbeitet kostenlos in den Niederlanden)<\/li>\n<li>Bancontact (funktioniert kostenlos in Belgien)<\/li>\n<li>KBC\/CBC-betaalknop (Belgien 0,9% belastet)<\/li>\n<li>Belfius-betaalknop (Belgien 0,9% belastet)<\/li>\n<li>SOFORT Banking (Deutschland 0,9% belastet)<\/li>\n<li>Giropay (Deutschland 1,5% belastet)<\/li>\n<li>Mastercard (2.8% belastet)<\/li>\n<li>Visa (2.8% belastet)<\/li>\n<\/ul>\n<p>[\/et_pb_text][\/et_pb_column][\/et_pb_row][\/et_pb_section]<\/p>\n","protected":false},"excerpt":{"rendered":"<p>ZahlungsmethodenZahlung nach Lieferung. Wenn Sie nach der Lieferung bezahlen m\u00f6chten, erstellen Sie einfach Ihr Konto mit allen Details und rufen Sie uns bitte an. Wir werden die Einstellungen sofort \u00e4ndern, damit Sie die Rechnung nach Erhalt der Ware bezahlen k\u00f6nnen. Sonst&#8230; Zahlungen an Blisters4Parts.com werden bei der Bestellung auf der Seite &#8222;Kasse&#8220; vollzogen. Der Picking- [&hellip;]<\/p>\n","protected":false},"author":1,"featured_media":0,"parent":0,"menu_order":0,"comment_status":"closed","ping_status":"closed","template":"","meta":{"_et_pb_use_builder":"on","_et_pb_old_content":"","_et_gb_content_width":"","footnotes":""},"class_list":["post-1600","page","type-page","status-publish","hentry"],"_links":{"self":[{"href":"https:\/\/blisters4parts.com\/de\/wp-json\/wp\/v2\/pages\/1600","targetHints":{"allow":["GET"]}}],"collection":[{"href":"https:\/\/blisters4parts.com\/de\/wp-json\/wp\/v2\/pages"}],"about":[{"href":"https:\/\/blisters4parts.com\/de\/wp-json\/wp\/v2\/types\/page"}],"author":[{"embeddable":true,"href":"https:\/\/blisters4parts.com\/de\/wp-json\/wp\/v2\/users\/1"}],"replies":[{"embeddable":true,"href":"https:\/\/blisters4parts.com\/de\/wp-json\/wp\/v2\/comments?post=1600"}],"version-history":[{"count":9,"href":"https:\/\/blisters4parts.com\/de\/wp-json\/wp\/v2\/pages\/1600\/revisions"}],"predecessor-version":[{"id":4846,"href":"https:\/\/blisters4parts.com\/de\/wp-json\/wp\/v2\/pages\/1600\/revisions\/4846"}],"wp:attachment":[{"href":"https:\/\/blisters4parts.com\/de\/wp-json\/wp\/v2\/media?parent=1600"}],"curies":[{"name":"wp","href":"https:\/\/api.w.org\/{rel}","templated":true}]}}