{"id":1607,"date":"2021-12-06T17:06:25","date_gmt":"2021-12-06T16:06:25","guid":{"rendered":"https:\/\/blisters4parts.com\/datenschutzrichtlinie\/"},"modified":"2022-02-23T11:35:31","modified_gmt":"2022-02-23T10:35:31","slug":"datenschutzrichtlinie","status":"publish","type":"page","link":"https:\/\/blisters4parts.com\/de\/datenschutzrichtlinie\/","title":{"rendered":"Datenschutzrichtlinie"},"content":{"rendered":"<p>[et_pb_section fb_built=&#8220;1&#8243; _builder_version=&#8220;4.14.6&#8243; _module_preset=&#8220;default&#8220; global_colors_info=&#8220;{}&#8220;][et_pb_row _builder_version=&#8220;4.14.6&#8243; _module_preset=&#8220;default&#8220; global_colors_info=&#8220;{}&#8220;][et_pb_column type=&#8220;4_4&#8243; _builder_version=&#8220;4.14.6&#8243; _module_preset=&#8220;default&#8220; global_colors_info=&#8220;{}&#8220;][et_pb_text _builder_version=&#8220;4.14.8&#8243; _module_preset=&#8220;default&#8220; text_font_size=&#8220;25px&#8220; hover_enabled=&#8220;0&#8243; sticky_enabled=&#8220;0&#8243;]<\/p>\n<p>Datenschutzrichtlinie<\/p>\n<p>[\/et_pb_text][et_pb_text _builder_version=&#8220;4.14.8&#8243; _module_preset=&#8220;default&#8220; hover_enabled=&#8220;0&#8243; global_colors_info=&#8220;{}&#8220; sticky_enabled=&#8220;0&#8243;]<\/p>\n<h1 class=\"blue\">Datenschutzrichtlinie<\/h1>\n<div class=\"content\">\n<p>Ihre pers\u00f6nlichen Daten werden in die Kundendatenbank von Blister4Parts.com aufgenommen, damit wir Sie \u00fcber interessante Angebote informieren k\u00f6nnen. Sollten Sie dies nicht w\u00fcnschen, teilen Sie uns dies bitte per E-Mail <a href=\"mailto:info@blisters4parts.com\">info@blisters4parts.com<\/a> oder telefonisch unter +31 (0)6 2073 5522 mit. Wir verwenden Ihre personenbezogenen Daten auch f\u00fcr die Vertragsabwicklung und das Risikomanagement. Sie haben das Recht auf Zugang und Verbesserung. Antr\u00e4ge auf Zugang zu Ihren Daten oder Beschwerden \u00fcber den Datenschutz sollten an Blisters4Parts.com, Beethovenlaan 75, 5707 PS Helmond, Niederlande, gerichtet werden.<\/p>\n<h2 class=\"blue\">Adress\u00e4nderung<\/h2>\n<p>Der Kunde ist verpflichtet, Blisters4Parts.com \u00fcber jede \u00c4nderung seiner Adresse zu informieren. Solange Blister4Parts.com keine Umzugsmitteilung erhalten hat, gelten Sie als an der letzten, Blister4Parts.com bekannten Adresse wohnhaft und Sie bleiben f\u00fcr die von Ihnen bestellten Artikel, die an die alte Adresse geliefert wurden, haftbar. Mit Ihrer Bestellung erm\u00e4chtigen Sie Blister4Parts.com, Ihre Daten &#8211; falls erforderlich &#8211; bei der kommunalen Einwohnerverwaltung oder anderen Beh\u00f6rden anzufordern.<\/p>\n<h2 class=\"blue\">Der Datenschutz im Internet<\/h2>\n<p>Bei jedem Besuch auf unserer Website wird automatisch Ihre (tempor\u00e4re) IP-Adresse erkannt und, wenn m\u00f6glich, die Website oder E-Mail, von der Sie kommen. Wir speichern und verwenden diese Daten nicht als individuelle (pers\u00f6nliche) Daten, sondern nur, um die Navigation, die besuchten Seiten und die bestellten Artikel auf unserer Website zu analysieren, um die Bekanntheit, die Funktionalit\u00e4t und den Inhalt unserer Website (und E-Mails) zu verbessern.<\/p>\n<h2 class=\"blue\">E-Mail Adressen<\/h2>\n<p>Wir speichern und verwenden nur E-Mail-Adressen, die uns direkt zur Verf\u00fcgung gestellt werden oder von denen es klar ist, dass sie uns zur Verf\u00fcgung gestellt werden. Wir werden eine E-Mail-Adresse nur dann verwenden, wenn sie uns zur Verf\u00fcgung gestellt wurde, und f\u00fcr andere Marketing- oder Servicezwecke, sofern eine entsprechende Erlaubnis erteilt wurde. Diese Erlaubnis(en) kann (k\u00f6nnen) jederzeit \u00fcber unsere Website oder durch eine andere Mitteilung an uns widerrufen werden. Dar\u00fcber hinaus wird diese M\u00f6glichkeit in jeder Marketing- und Service-E-Mail durch einen direkten Link zu unserer Website angeboten. Wir geben niemals E-Mail-Adressen zu kommerziellen Zwecken an Dritte weiter.<\/p>\n<h2 class=\"blue\">Weitere Informationen<\/h2>\n<p>Die Daten von privaten Nutzern des Blister4Parts.com Webshops werden nur zur Abwicklung der Bestellung verwendet. Diese Daten werden nicht zu kommerziellen Zwecken verwendet. Wir verwenden alle Informationen von gesch\u00e4ftlichen Nutzern des Blister4Parts.com-Webshops, die Sie uns freiwillig \u00fcber unsere Website zur Verf\u00fcgung stellen, f\u00fcr Marketing- und Servicezwecke (gem\u00e4\u00df unseren allgemeinen Gesch\u00e4ftsbedingungen). Wenn Sie uns \u00fcber unsere Website Ihre Postanschrift und\/oder Ihre Telefonnummer mitteilen, k\u00f6nnen Sie daher in regelm\u00e4\u00dfigen Abst\u00e4nden selektive Mailings und Kataloge von uns erhalten und\/oder wir k\u00f6nnen Sie telefonisch mit Informationen \u00fcber unsere Produkte und Dienstleistungen kontaktieren. Wenn Sie solche Informationen (per Post und\/oder Telefon) nicht erhalten m\u00f6chten, setzen Sie sich bitte mit uns in Verbindung. Wir haben Partner und besondere Beziehungen zu Dritten im Internet, aber wir stellen ihnen niemals Ihre pers\u00f6nlichen Daten zur Verf\u00fcgung und erhalten auch nicht die Daten, die Sie diesen Dritten zur Verf\u00fcgung stellen (sofern nicht anders angegeben und\/oder notwendig).<\/p>\n<h2 class=\"blue\">Sicherer Server<\/h2>\n<p>Wenn Sie sich zu unserer Datenschutzpolitik \u00e4u\u00dfern m\u00f6chten oder wenn Sie der Meinung sind, dass unsere Website oder unsere Handlungen nicht im Einklang mit dieser Politik stehen, bitten wir Sie, uns ebenfalls zu kontaktieren. Wenn wir bestimmte kritische Informationen, wie z. B. Finanzdaten, erhalten oder \u00fcbertragen, verwenden wir einen sicheren Server mit einem eigenen Zugangscode. Sie werden \u00fcber einen Bildschirm auf unserer Website benachrichtigt (Pop-up). Wir haben die notwendigen Sicherheitsvorkehrungen getroffen, um den Verlust, den Missbrauch oder die \u00c4nderung von Informationen, die wir auf unserer Website erhalten, zu verhindern.<\/p>\n<h2 class=\"blue\">Reagieren?<\/h2>\n<p>F\u00fcr den Fall, dass wir Ihre Daten f\u00fcr Zwecke verwenden wollen, die in dieser Datenschutzerkl\u00e4rung (noch) nicht vorgesehen sind, werden wir Sie vorab informieren, damit Sie Ihre Zustimmung verweigern k\u00f6nnen. Wir bieten den Besuchern auch die M\u00f6glichkeit, falsche Daten zu korrigieren. Hierf\u00fcr k\u00f6nnen Sie uns kontaktieren. Jeder Besuch, jede Transaktion oder Vereinbarung auf unserer Website unterliegt den Allgemeinen Gesch\u00e4ftsbedingungen von Blister4Parts.com, einschlie\u00dflich dieser Datenschutzrichtlinie. Dies wird vor Abschluss jeder Vereinbarung durch einen Verweis auf ihren Text bekannt gegeben.<\/p>\n<\/div>\n<p>[\/et_pb_text][\/et_pb_column][\/et_pb_row][\/et_pb_section]<\/p>\n","protected":false},"excerpt":{"rendered":"<p>DatenschutzrichtlinieDatenschutzrichtlinie Ihre pers\u00f6nlichen Daten werden in die Kundendatenbank von Blister4Parts.com aufgenommen, damit wir Sie \u00fcber interessante Angebote informieren k\u00f6nnen. Sollten Sie dies nicht w\u00fcnschen, teilen Sie uns dies bitte per E-Mail info@blisters4parts.com oder telefonisch unter +31 (0)6 2073 5522 mit. Wir verwenden Ihre personenbezogenen Daten auch f\u00fcr die Vertragsabwicklung und das Risikomanagement. Sie haben das [&hellip;]<\/p>\n","protected":false},"author":1,"featured_media":0,"parent":0,"menu_order":0,"comment_status":"closed","ping_status":"closed","template":"","meta":{"_et_pb_use_builder":"on","_et_pb_old_content":"","_et_gb_content_width":"","footnotes":""},"class_list":["post-1607","page","type-page","status-publish","hentry"],"_links":{"self":[{"href":"https:\/\/blisters4parts.com\/de\/wp-json\/wp\/v2\/pages\/1607","targetHints":{"allow":["GET"]}}],"collection":[{"href":"https:\/\/blisters4parts.com\/de\/wp-json\/wp\/v2\/pages"}],"about":[{"href":"https:\/\/blisters4parts.com\/de\/wp-json\/wp\/v2\/types\/page"}],"author":[{"embeddable":true,"href":"https:\/\/blisters4parts.com\/de\/wp-json\/wp\/v2\/users\/1"}],"replies":[{"embeddable":true,"href":"https:\/\/blisters4parts.com\/de\/wp-json\/wp\/v2\/comments?post=1607"}],"version-history":[{"count":7,"href":"https:\/\/blisters4parts.com\/de\/wp-json\/wp\/v2\/pages\/1607\/revisions"}],"predecessor-version":[{"id":2476,"href":"https:\/\/blisters4parts.com\/de\/wp-json\/wp\/v2\/pages\/1607\/revisions\/2476"}],"wp:attachment":[{"href":"https:\/\/blisters4parts.com\/de\/wp-json\/wp\/v2\/media?parent=1607"}],"curies":[{"name":"wp","href":"https:\/\/api.w.org\/{rel}","templated":true}]}}