{"id":1617,"date":"2021-12-06T17:06:25","date_gmt":"2021-12-06T16:06:25","guid":{"rendered":"https:\/\/blisters4parts.com\/allgemeine-geschaeftsbedingungen\/"},"modified":"2022-02-07T12:04:54","modified_gmt":"2022-02-07T11:04:54","slug":"allgemeine-geschaeftsbedingungen","status":"publish","type":"page","link":"https:\/\/blisters4parts.com\/de\/allgemeine-geschaeftsbedingungen\/","title":{"rendered":"Allgemeine Gesch\u00e4ftsbedingungen"},"content":{"rendered":"<p>[et_pb_section fb_built=&#8220;1&#8243; _builder_version=&#8220;4.14.6&#8243; _module_preset=&#8220;default&#8220; custom_padding=&#8220;5px|||||&#8220; global_colors_info=&#8220;{}&#8220;][et_pb_row _builder_version=&#8220;4.14.7&#8243; _module_preset=&#8220;default&#8220; column_structure=&#8220;1_2,1_2&#8243;][et_pb_column _builder_version=&#8220;4.14.7&#8243; _module_preset=&#8220;default&#8220; type=&#8220;1_2&#8243;][et_pb_cta title=&#8220;Allgemeinen Gesch\u00e4ftsbedingungen als PDF&#8220; button_url=&#8220;https:\/\/blisters4parts.com\/wp-content\/uploads\/Allgemeine-Gesch\u00e4ftsbedingungen-Blisters4Parts.pdf&#8220; url_new_window=&#8220;on&#8220; button_text=&#8220;Jetzt herunterladen&#8220; _builder_version=&#8220;4.14.7&#8243; _module_preset=&#8220;default&#8220; header_text_color=&#8220;#01C000&#8243; custom_padding=&#8220;19px||20px|||&#8220; global_colors_info=&#8220;{}&#8220; background_color=&#8220;rgba(107,128,179,0.19)&#8220; header_font_size=&#8220;19px&#8220; hover_enabled=&#8220;0&#8243; sticky_enabled=&#8220;0&#8243;][\/et_pb_cta][\/et_pb_column][et_pb_column _builder_version=&#8220;4.14.7&#8243; _module_preset=&#8220;default&#8220; type=&#8220;1_2&#8243;][et_pb_cta title=&#8220;Widerrufsformular als PDF&#8220; button_url=&#8220;https:\/\/blisters4parts.com\/wp-content\/uploads\/Widerrufsformular.pdf&#8220; url_new_window=&#8220;on&#8220; button_text=&#8220;Jetzt herunterladen&#8220; _builder_version=&#8220;4.14.7&#8243; _module_preset=&#8220;default&#8220; header_text_color=&#8220;#01C000&#8243; custom_padding=&#8220;19px||20px|||&#8220; global_colors_info=&#8220;{}&#8220; background_color=&#8220;rgba(107,128,179,0.19)&#8220; header_font_size=&#8220;19px&#8220; hover_enabled=&#8220;0&#8243; sticky_enabled=&#8220;0&#8243;][\/et_pb_cta][\/et_pb_column][\/et_pb_row][et_pb_row _builder_version=&#8220;4.14.6&#8243; _module_preset=&#8220;default&#8220; global_colors_info=&#8220;{}&#8220;][et_pb_column type=&#8220;4_4&#8243; _builder_version=&#8220;4.14.6&#8243; _module_preset=&#8220;default&#8220; global_colors_info=&#8220;{}&#8220;][et_pb_text _builder_version=&#8220;4.14.7&#8243; _module_preset=&#8220;default&#8220; custom_padding=&#8220;||0px|||&#8220; global_colors_info=&#8220;{}&#8220;]<\/p>\n<h3><span><strong>Allgemeine Gesch\u00e4ftsbedingungen Blisters4Parts.com (Tarswin Trading BV)<\/strong><\/span><\/h3>\n<p><strong> <\/strong><\/p>\n<p><span><strong>Inhalt:<\/strong><\/span><\/p>\n<p>Artikel 1 &#8211; Definitionen<\/p>\n<p>Artikel 2 &#8211; Identit\u00e4t des Unternehmers<\/p>\n<p>Artikel 3 &#8211; Anwendbarkeit<\/p>\n<p>Artikel 4 &#8211; Das Angebot<\/p>\n<p>Artikel 5 &#8211; Die Vereinbarung<\/p>\n<p>Artikel 6 &#8211; Widerrufsrecht<\/p>\n<p>Artikel 7 &#8211; Kosten im Falle des Widerrufs<\/p>\n<p>Artikel 8 &#8211; Der Preis<\/p>\n<p>Artikel 9 &#8211; Konformit\u00e4t und Gew\u00e4hrleistung<\/p>\n<p>Artikel 10 &#8211; Lieferung und Ausf\u00fchrung<\/p>\n<p>Artikel 11 &#8211; Dauerhafte Gesch\u00e4fte: Dauer, K\u00fcndigung und Erneuerung<\/p>\n<p>Artikel 12 &#8211; Zahlung<\/p>\n<p>Artikel 13 &#8211; Streitsachen<\/p>\n<p>Artikel 14 &#8211; Zus\u00e4tzliche oder abweichende Bestimmungen<\/p>\n<p><strong> <\/strong><\/p>\n<p><strong>Artikel 1 &#8211; Definitionen<\/strong><\/p>\n<p><strong>Unter diesen Allgemeinen Gesch\u00e4ftsbedingungen versteht man<\/strong><\/p>\n<p>&nbsp;<\/p>\n<ol>\n<li><strong>Bedenkzeit:<\/strong> die Frist, innerhalb derer der Gesch\u00e4ftskunde von seinem Widerrufsrecht Gebrauch machen kann;<\/li>\n<li><strong>Gesch\u00e4ftskunde:<\/strong> die nat\u00fcrliche Person, die nicht in Aus\u00fcbung eines Berufes oder Gesch\u00e4ftes handelt und die einen Fernabsatzvertrag mit Blisters4Parts.com abschlie\u00dft;<\/li>\n<li> <strong>Tag<\/strong>: Kalendertag;<\/li>\n<li><strong>Laufzeitgesch\u00e4ft:<\/strong> ein Fernabsatzvertrag \u00fcber eine Reihe von Produkten, deren Liefer- und\/oder Kaufverpflichtung zeitlich gestaffelt ist;<\/li>\n<li><strong>Dauerhafter Datentr\u00e4ger:<\/strong> jedes Mittel, das es dem Gesch\u00e4ftskunden oder Blisters4Parts.com erm\u00f6glicht, an ihn pers\u00f6nlich gerichtete Informationen so zu speichern, dass eine sp\u00e4tere Abfrage und unver\u00e4nderte Wiedergabe der gespeicherten Informationen m\u00f6glich ist.<\/li>\n<li><strong>Widerrufsrecht:<\/strong> die M\u00f6glichkeit f\u00fcr den Gesch\u00e4ftskunden, innerhalb der Bedenkzeit vom Fernabsatzvertrag zur\u00fcckzutreten;<\/li>\n<li><strong>Blisters4Parts.com:<\/strong> die juristische Person, die Produkte und\/oder Dienstleistungen aus der Ferne f\u00fcr Gesch\u00e4ftskunden anbietet;<\/li>\n<li><strong>Fernabsatzvertrag:<\/strong> ein Vertrag, bei dem im Rahmen eines von Blisters4Parts organisierten Systems f\u00fcr den Fernabsatz von Produkten und\/oder Dienstleistungen bis zum Abschluss des Vertrags ausschlie\u00dflich eine oder mehrere Techniken der Fernkommunikation genutzt werden;<\/li>\n<li><strong>Fernkommunikationstechnologie:<\/strong> Mittel, die zum Abschluss eines Vertrages verwendet werden k\u00f6nnen, ohne dass sich der Gesch\u00e4ftskunde und Blisters4Parts.com zur gleichen Zeit im selben Raum treffen.<\/li>\n<li><strong>Allgemeine Gesch\u00e4ftsbedingungen:<\/strong> die vorliegenden Blisters4Parts.com Allgemeine Gesch\u00e4ftsbedingungen.<\/li>\n<\/ol>\n<p>&nbsp;<\/p>\n<p><span><strong>Artikel 2 &#8211; Identit\u00e4t des Unternehmers<\/strong><\/span><\/p>\n<p>Name: Tarswin Trading BV werkend onder handelsnaam Blisters4Parts.com<\/p>\n<p>Anschrift: Beethovenlaan 75, 5707 PS Helmond, Die Niederlande<\/p>\n<p>Telefonnr.: +31 (0)492 521678<\/p>\n<p>E-mailadress: info@blisters4parts.com<\/p>\n<p>Handelskammer-nr.: 77915283<\/p>\n<p>EU-Mehrwertsteuer-ID-Nummer: NL861196429B01<\/p>\n<p>&nbsp;<\/p>\n<p><span><strong>Artikel 3 &#8211; Anwendbarkeit <\/strong><\/span><\/p>\n<ol>\n<li>Diese allgemeinen Gesch\u00e4ftsbedingungen gelten f\u00fcr alle Angebote von Blisters4Parts.com und f\u00fcr alle Fernabsatzvertr\u00e4ge und Bestellungen, die zwischen Blisters4Parts.com und einem Gesch\u00e4ftskunden abgeschlossen werden.<\/li>\n<li>Grunds\u00e4tzlich k\u00f6nnen Nicht-Gesch\u00e4ftskunden (Verbraucher) keine Bestellungen aufgeben und keine Bedingungen in Anspruch nehmen, wie sie Verbraucher bei Online-Eink\u00e4ufen genie\u00dfen. Deshalb muss bei jeder Bestellung auch eine g\u00fcltige Mehrwertsteuernummer angegeben werden, die von Blisters4Parts.com in der MIAS-Datenbank der EU \u00fcberpr\u00fcft wird. Dies erm\u00f6glicht es Blisters4Parts, als reiner Business-to-Business-Handelspartner aufzutreten.<\/li>\n<li>Vor Abschluss des Fernabsatzvertrages wird dem Unternehmer der Text dieser Allgemeinen Gesch\u00e4ftsbedingungen zur Verf\u00fcgung gestellt.<\/li>\n<li>Wird der Fernabsatzvertrag auf elektronischem Wege geschlossen, kann der Text dieser Allgemeinen Gesch\u00e4ftsbedingungen dem Unternehmer ungeachtet des vorstehenden Absatzes vor Abschluss des Fernabsatzvertrags auf elektronischem Wege so zur Verf\u00fcgung gestellt werden, dass er vom Unternehmer leicht auf einem dauerhaften Datentr\u00e4ger gespeichert werden kann.<\/li>\n<li>F\u00fcr den Fall, dass neben diesen Allgemeinen Gesch\u00e4ftsbedingungen spezifische Produkt- oder Dienstleistungsbedingungen gelten, gelten die Abs\u00e4tze 2 und 3 entsprechend und der Gesch\u00e4ftskunde kann sich bei widerspr\u00fcchlichen Allgemeinen Gesch\u00e4ftsbedingungen immer auf die f\u00fcr ihn g\u00fcnstigste anwendbare Bestimmung berufen.<\/li>\n<li>Sollten zu irgendeinem Zeitpunkt eine oder mehrere Bestimmungen dieser Allgemeinen Gesch\u00e4ftsbedingungen ganz oder teilweise unwirksam oder nichtig sein, bleiben der Vertrag und diese Gesch\u00e4ftsbedingungen im \u00dcbrigen in Kraft und die betreffende Bestimmung wird unverz\u00fcglich durch eine einvernehmliche Bestimmung ersetzt.<\/li>\n<li>Sachverhalte, die in diesen Allgemeinen Gesch\u00e4ftsbedingungen nicht geregelt sind, m\u00fcssen &#8222;im Geiste&#8220; dieser Allgemeinen Gesch\u00e4ftsbedingungen beurteilt werden.<\/li>\n<li>Unklarheiten \u00fcber die Auslegung oder den Inhalt einer oder mehrerer Bestimmungen unserer Bedingungen m\u00fcssen &#8222;sinngem\u00e4\u00df&#8220; erkl\u00e4rt werden.<\/li>\n<\/ol>\n<p><strong> <\/strong><\/p>\n<p><span><strong>Artikel 4 &#8211; Das Angebot<\/strong><\/span><\/p>\n<ol>\n<li>Wenn ein Angebot eine begrenzte G\u00fcltigkeitsdauer hat oder an Bedingungen gekn\u00fcpft ist, wird dies im Angebot ausdr\u00fccklich angegeben.<\/li>\n<li>Das Angebot ist freibleibend. Blisters4Parts.com ist berechtigt, das Angebot zu \u00e4ndern und anzupassen.<\/li>\n<li>Das Angebot enth\u00e4lt eine vollst\u00e4ndige und genaue Beschreibung der angebotenen Produkte und\/oder Dienstleistungen. Die Beschreibung ist hinreichend detailliert, um dem Gesch\u00e4ftskunden eine angemessene Bewertung des Angebots zu erm\u00f6glichen. Wenn Blisters4Parts.com Bilder verwendet, sind diese eine wahre Darstellung der angebotenen Produkte und\/oder Dienstleistungen. Offensichtliche Irrt\u00fcmer oder offensichtliche Fehler im Angebot sind f\u00fcr Blisters4Parts.com nicht bindend.<\/li>\n<li>Alle Bilder, Spezifikationen und Daten im Angebot sind indikativ und k\u00f6nnen kein Grund f\u00fcr eine Entsch\u00e4digung oder Aufl\u00f6sung des Vertrags sein.<\/li>\n<li>Die Bilder, die die Produkte begleiten, sind eine echte Darstellung der angebotenen Produkte. Blisters4Parts.com kann nicht garantieren, dass die angezeigten Farben exakt mit den tats\u00e4chlichen Farben der Produkte \u00fcbereinstimmen.<\/li>\n<li>Jedes Angebot enth\u00e4lt solche Informationen, dass f\u00fcr den Gesch\u00e4ftskunden klar ist, welche Rechte und Pflichten mit der Annahme des Angebots verbunden sind. Dies betrifft vor allem:\n<ol>\n<li>der Preis einschlie\u00dflich Mehrwertsteuer;<\/li>\n<li>jegliche Versandkosten;<\/li>\n<li>die Art und Weise, wie die Vereinbarung geschlossen wird und welche Ma\u00dfnahmen daf\u00fcr erforderlich sind;<\/li>\n<li>ob das Widerrufsrecht gilt oder nicht;<\/li>\n<li><span> <\/span>die Art und Weise der Zahlung, der Lieferung und der Ausf\u00fchrung des Vertrages;<\/li>\n<li><span> <\/span><span>die Frist f\u00fcr die Annahme des Angebots oder die Frist, innerhalb derer Blisters4Parts.com den Preis garantiert;<\/span><\/li>\n<li><span> <\/span><span>ob die Vereinbarung nach ihrem Abschluss archiviert wird, und wenn ja, wie sie vom Gesch\u00e4ftskunden eingesehen werden kann;<\/span><\/li>\n<li><span> <\/span><span>die Art und Weise, in der der Gesch\u00e4ftskunde vor Vertragsabschluss die von ihm im Rahmen des Vertrages zur Verf\u00fcgung gestellten Daten \u00fcberpr\u00fcfen und auf Wunsch wiederherstellen kann;<\/span><\/li>\n<li><span> <\/span><span>alle anderen Sprachen, in denen das Abkommen au\u00dfer Niederl\u00e4ndisch geschlossen werden kann;<\/span><\/li>\n<li><span> <\/span><span>die Verhaltenskodizes, denen Blisters4Parts.com unterliegt, und die Art und Weise, wie der Gesch\u00e4ftskunde diese Verhaltenskodizes elektronisch einsehen kann; und<\/span><\/li>\n<li><span>die verf\u00fcgbaren Gr\u00f6\u00dfen, Farben und Materialtypen.<\/span><\/li>\n<\/ol>\n<\/li>\n<\/ol>\n<p>&nbsp;<\/p>\n<p><span><strong>Artikel 5 &#8211; Die Vereinbarung<\/strong><\/span><\/p>\n<ol>\n<li>Vorbehaltlich der Bestimmungen in Absatz 4 kommt der Vertrag zu dem Zeitpunkt zustande, zu dem der Gesch\u00e4ftskunde das Angebot annimmt und die damit verbundenen Bedingungen erf\u00fcllt.<\/li>\n<li>Hat der Gesch\u00e4ftskunde das Angebot auf elektronischem Wege angenommen, wird Blisters4Parts.com den Zugang der Annahme des Angebots unverz\u00fcglich auf elektronischem Wege best\u00e4tigen. Solange der Zugang dieser Annahme nicht von Blisters4Parts.com best\u00e4tigt wurde, kann der Gesch\u00e4ftskunde den Vertrag aufl\u00f6sen.<\/li>\n<li>Wenn der Vertrag auf elektronischem Wege abgeschlossen wird, wird Blisters4Parts.com geeignete technische und organisatorische Ma\u00dfnahmen ergreifen, um die elektronische \u00dcbertragung von Daten zu sichern und eine sichere Webumgebung zu gew\u00e4hrleisten. Wenn der Gesch\u00e4ftskunde elektronisch bezahlen kann, wird Blisters4Parts.com zu diesem Zweck angemessene Sicherheitsma\u00dfnahmen ergreifen.<\/li>\n<li>Blisters4Parts.com kann sich &#8211; innerhalb des gesetzlichen Rahmens &#8211; dar\u00fcber informieren, ob der Gesch\u00e4ftskunde seinen Zahlungsverpflichtungen nachkommen kann, sowie \u00fcber all jene Fakten und Faktoren, die f\u00fcr einen verantwortungsvollen Abschluss des Fernabsatzvertrages wichtig sind. Wenn Blisters4Parts.com auf der Grundlage dieser Untersuchung gute Gr\u00fcnde hat, den Vertrag nicht einzugehen, ist sie berechtigt, eine Bestellung oder Anfrage abzulehnen oder besondere Bedingungen an die Ausf\u00fchrung zu kn\u00fcpfen.<\/li>\n<li>Blisters4Parts.com wird dem Gesch\u00e4ftskunden die folgenden Informationen mit dem Produkt oder der Dienstleistung schriftlich oder in einer Weise, dass sie f\u00fcr den Gesch\u00e4ftskunden zug\u00e4nglich auf einem dauerhaften Datentr\u00e4ger gespeichert werden k\u00f6nnen, zusenden:\n<ol>\n<li>die Besuchsadresse der Blisters4Parts.com-Filiale, an die sich der Gesch\u00e4ftskunde mit Beschwerden wenden kann;<\/li>\n<li>die Bedingungen, unter denen und auf welche Weise der Gesch\u00e4ftskunde von seinem Widerrufsrecht Gebrauch machen kann, oder eine klare Aussage \u00fcber den Ausschluss des Widerrufsrechts;<\/li>\n<li>die Informationen \u00fcber Garantien und den bestehenden Kundendienst;<\/li>\n<li>die in Artikel 4 Absatz 3 dieser Bedingungen enthaltenen Daten, es sei denn, Blisters4Parts.com hat diese Daten dem Gesch\u00e4ftskunden bereits vor der Ausf\u00fchrung des Vertrags mitgeteilt;<\/li>\n<li>die Voraussetzungen f\u00fcr die Beendigung der Vereinbarung, wenn die Vereinbarung eine Laufzeit von mehr als einem Jahr hat oder unbefristet ist.<\/li>\n<\/ol>\n<\/li>\n<li>Im Falle eines langfristigen Gesch\u00e4fts gilt die Bestimmung des vorigen Absatzes nur f\u00fcr die erste Lieferung.<\/li>\n<li>Jede Vereinbarung wird unter der aufschiebenden Bedingung einer ausreichenden Verf\u00fcgbarkeit der betreffenden Produkte geschlossen.<\/li>\n<\/ol>\n<p><strong> <\/strong><\/p>\n<p><span><strong>Artikel 6 &#8211; Widerrufsrecht<\/strong><\/span><\/p>\n<p><span><em>Bei Lieferung der Produkte:<\/em><\/span><\/p>\n<ol>\n<li><span> <\/span><span>Beim Kauf von Produkten hat der Gesch\u00e4ftskunde nicht die M\u00f6glichkeit, den Vertrag ohne Angabe von Gr\u00fcnden zu k\u00fcndigen.<\/span><\/li>\n<li><span> <\/span><span>Recht auf Umtausch: Wenn der Gesch\u00e4ftskunde versehentlich einen falschen Artikel bestellt und erhalten hat, kann dieser umgetauscht werden. Die dadurch entstehenden Kosten werden vollst\u00e4ndig vom Gesch\u00e4ftskunden getragen. Der Gesch\u00e4ftskunde kann dann eine neue Bestellung f\u00fcr die richtigen Artikel aufgeben. Nach R\u00fccksendung und ordnungsgem\u00e4\u00dfem Erhalt des falsch bestellten Artikels wird Blisters4Parts den Produktwert gutschreiben. Blisters4Parts.com beh\u00e4lt sich das Recht vor, eventuelle Sch\u00e4den an der zur\u00fcckgesandten Ware von dem gut zu schreibenden Betrag abzuziehen.<\/span><\/li>\n<li><span> <\/span><span>Der Gesch\u00e4ftskunde kann vom R\u00fccktrittsrecht Gebrauch machen, wenn Blisters4Parts.com eine falsche Ware geliefert hat und bei M\u00e4ngeln an der Ware.<\/span><\/li>\n<li><span> <\/span><span>Macht der Gesch\u00e4ftskunde von seinem Widerrufsrecht wegen fehlerhaft gelieferter Produkte Gebrauch, wird Blisters4Parts.com nach Erhalt des R\u00fccksendungsnachweises des Gesch\u00e4ftskunden unverz\u00fcglich das richtige Produkt zusenden. <\/span><\/li>\n<\/ol>\n<p>&nbsp;<\/p>\n<p><span><strong>Artikel 7 &#8211; Kosten im Falle des Widerrufs <\/strong><\/span><\/p>\n<ol>\n<li>Macht der Gesch\u00e4ftskunde von seinem Widerrufsrecht Gebrauch, gehen die Kosten der R\u00fccksendung allenfalls zu seinen Lasten.<\/li>\n<li>Wenn der Gesch\u00e4ftskunde Anspruch auf eine Gutschrift hat, wird Blisters4Parts.com diesen Betrag so schnell wie m\u00f6glich zur\u00fcckerstatten, sp\u00e4testens jedoch 14 Tage nach dem Widerruf. Voraussetzung daf\u00fcr ist, dass die Ware bereits bei Blisters4Parts.com zur\u00fcckgekommen ist oder ein schl\u00fcssiger Nachweis \u00fcber die vollst\u00e4ndige R\u00fccksendung erbracht werden kann.<\/li>\n<li>Bei Besch\u00e4digung der Ware durch unsachgem\u00e4\u00dfen Umgang des Gesch\u00e4ftskunden selbst, haftet der Gesch\u00e4ftskunde f\u00fcr den Wertverlust der Ware.<\/li>\n<li>Der Gesch\u00e4ftskunde kann nicht f\u00fcr die Wertminderung der Ware haftbar gemacht werden, wenn Blisters4Parts.com nicht alle gesetzlich vorgeschriebenen Informationen \u00fcber das Widerrufsrecht erteilt hat, dies muss vor Abschluss des Kaufvertrages geschehen.<\/li>\n<\/ol>\n<p>&nbsp;<\/p>\n<p><span><strong>Artikel 8 &#8211; Der Preis<\/strong><\/span><\/p>\n<ol>\n<li>Die in der Produktpalette angegebenen Preise verstehen sich zuz\u00fcglich 21% Mehrwertsteuer. Der Mehrwertsteuerbetrag erscheint erst auf der Kassenseite w\u00e4hrend der Abrechnung.<\/li>\n<\/ol>\n<p>&nbsp;<\/p>\n<p><span><strong> <\/strong><\/span><\/p>\n<p><span><strong>Artikel 9 &#8211; Konformit\u00e4t und Gew\u00e4hrleistung<\/strong><\/span><\/p>\n<ol>\n<li><span><\/span><span>Blisters4Parts.com garantiert, dass die Produkte und\/oder Dienstleistungen dem Vertrag, den im Angebot angegebenen Spezifikationen, den angemessenen Anforderungen an Zuverl\u00e4ssigkeit und\/oder Nutzbarkeit und den zum Zeitpunkt des Vertragsabschlusses geltenden gesetzlichen Bestimmungen und\/oder beh\u00f6rdlichen Vorschriften entsprechen.<\/span><\/li>\n<li><span> Blisters4Parts.com gibt keine Garantie auf die gelieferte Ware, au\u00dfer dass die Produkte den Spezifikationen von Form und Material entsprechen, die auf der Website von Blisters4Parts.com zu finden sind.<\/span><\/li>\n<li><span> <\/span><span>Eventuelle M\u00e4ngel oder falsch gelieferte Produkte m\u00fcssen Blisters4Parts.com innerhalb von 2 Monaten nach Lieferung schriftlich mitgeteilt werden. Die R\u00fcckgabe der Produkte muss in der Originalverpackung und in neuem Zustand erfolgen.<\/span><\/li>\n<li><span> <\/span><span>Blisters4Parts.com \u00fcbernimmt jedoch keine Verantwortung f\u00fcr die letztendliche Eignung der Produkte f\u00fcr die jeweilige Anwendung durch den Gesch\u00e4ftskunden und auch nicht f\u00fcr eine Beratung hinsichtlich der Verwendung oder Anwendung der Produkte.<\/span><\/li>\n<\/ol>\n<p>&nbsp;<\/p>\n<p><span><strong>Artikel 10 &#8211; Lieferung und Ausf\u00fchrung<\/strong><\/span><\/p>\n<ol>\n<li>Blisters4Parts.com wird bei der Entgegennahme und Ausf\u00fchrung von Produktbestellungen mit der gr\u00f6\u00dftm\u00f6glichen Sorgfalt vorgehen.<\/li>\n<li>Der Lieferort ist die Adresse, die der Gesch\u00e4ftskunde dem Unternehmen bekannt gegeben hat.<\/li>\n<li>Unter Beachtung der Bestimmungen in Absatz 4 dieses Artikels wird das Unternehmen angenommene Auftr\u00e4ge z\u00fcgig, sp\u00e4testens jedoch innerhalb von 7 Tagen ausf\u00fchren, es sei denn, der Gesch\u00e4ftskunde hat eine l\u00e4ngere Lieferfrist vereinbart. Verz\u00f6gert sich die Lieferung oder kann ein Auftrag nicht oder nur teilweise ausgef\u00fchrt werden, so wird dies dem Gesch\u00e4ftskunden sp\u00e4testens 7 Tage nach Auftragserteilung mitgeteilt. In diesem Fall hat der Gesch\u00e4ftskunde das Recht, den Vertrag ohne Kosten aufzul\u00f6sen. Der Gesch\u00e4ftskunde hat keinen Anspruch auf Entsch\u00e4digung.<\/li>\n<li>Alle Lieferzeiten sind Richtwerte. Der Gesch\u00e4ftskunde kann aus den angegebenen Bedingungen keine Rechte ableiten. Die \u00dcberschreitung einer Frist berechtigt den Gesch\u00e4ftskunden nicht zu einer Entsch\u00e4digung.<\/li>\n<li>Im Falle einer Aufl\u00f6sung gem\u00e4\u00df Absatz 3 dieses Artikels erstattet Blisters4Parts.com den vom Gesch\u00e4ftskunden gezahlten Betrag so schnell wie m\u00f6glich, sp\u00e4testens jedoch 14 Tage nach der Aufl\u00f6sung.<\/li>\n<li>Das Risiko der Besch\u00e4digung und\/oder des Verlustes von Produkten liegt bei Blisters4Parts.com bis zum Zeitpunkt der \u00dcbergabe an den Gesch\u00e4ftskunden oder einen im Voraus bestimmten und Blisters4Parts.com mitgeteilten Vertreter, sofern nicht ausdr\u00fccklich etwas anderes vereinbart wurde.<\/li>\n<\/ol>\n<p>&nbsp;<\/p>\n<p><span><strong>Artikel 11 &#8211; Dauerhafte Gesch\u00e4fte: Dauer, K\u00fcndigung und Verl\u00e4ngerung<\/strong><\/span><\/p>\n<p><span><em>Annullierung<\/em><\/span><\/p>\n<ol>\n<li>Der Gesch\u00e4ftskunde kann einen auf unbestimmte Zeit abgeschlossenen Vertrag, der sich auf die regelm\u00e4\u00dfige Lieferung von Produkten erstreckt, jederzeit unter Einhaltung der vereinbarten K\u00fcndigungsregeln und -fristen k\u00fcndigen.<\/li>\n<li>Der Gesch\u00e4ftskunde kann einen auf bestimmte Zeit abgeschlossenen Vertrag, der sich auf die regelm\u00e4\u00dfige Lieferung von Produkten erstreckt, jederzeit zum Ende der bestimmten Laufzeit unter Einhaltung der vereinbarten K\u00fcndigungsregeln und der K\u00fcndigungsfrist k\u00fcndigen.<\/li>\n<li><span> <\/span>Der Gesch\u00e4ftskunde kann die in den vorangegangenen Abs\u00e4tzen genannten Vertr\u00e4ge k\u00fcndigen:<\/li>\n<\/ol>\n<ul>\n<li><span> <\/span><span>jederzeit k\u00fcndigen und sind nicht auf eine K\u00fcndigung zu einem bestimmten Zeitpunkt oder Zeitraum beschr\u00e4nkt;<\/span><\/li>\n<li><span> <\/span><span>zumindest in der gleichen Weise annullieren, wie sie von ihm eingegangen wurden;<\/span><\/li>\n<li><span> <\/span><span>immer mit der gleichen K\u00fcndigungsfrist k\u00fcndigen, die Blisters4Parts.com f\u00fcr sich selbst festgelegt hat.<\/span><\/li>\n<\/ul>\n<p><span><em>Verl\u00e4ngerung<\/em><\/span><\/p>\n<ol start=\"4\">\n<li><span> <\/span>Ein f\u00fcr eine bestimmte Zeit geschlossener Vertrag, der sich auf die regelm\u00e4\u00dfige Lieferung von Produkten erstreckt, kann nicht stillschweigend f\u00fcr eine bestimmte Zeit verl\u00e4ngert oder erneuert werden.<\/li>\n<\/ol>\n<p><span><em>Dauer<\/em><\/span><\/p>\n<ol start=\"5\">\n<li>Hat ein Vertrag eine Laufzeit von mehr als einem Jahr, so kann der Gesch\u00e4ftskunde den Vertrag nach Ablauf eines Jahres jederzeit mit einer Frist von h\u00f6chstens einem Monat k\u00fcndigen, es sei denn, dass eine vorzeitige K\u00fcndigung aus Gr\u00fcnden der Angemessenheit und Billigkeit unzul\u00e4ssig ist.<\/li>\n<\/ol>\n<p>&nbsp;<\/p>\n<p><span><strong>Artikel 12 &#8211; Zahlung<\/strong><\/span><\/p>\n<ol>\n<li>Der Gesch\u00e4ftskunde zahlt vor der Lieferung per Online-Zahlung, sofern vertraglich nicht anders vereinbart.<\/li>\n<li>Der Gesch\u00e4ftskunde ist verpflichtet, Blisters4Parts.com unverz\u00fcglich \u00fcber Unrichtigkeiten in den gemachten oder angegebenen Zahlungsangaben zu informieren.<\/li>\n<li>Im Falle einer Nichtzahlung durch den Gesch\u00e4ftskunden ist Blisters4Parts.com berechtigt, vorbehaltlich der gesetzlichen Einschr\u00e4nkungen, angemessene Kosten zu berechnen, die dem Gesch\u00e4ftskunden im Voraus bekannt gegeben werden.<\/li>\n<\/ol>\n<p>&nbsp;<\/p>\n<p><span><strong>Artikel 13 &#8211; Streitsachen<\/strong><\/span><\/p>\n<ol>\n<li>Auf Vertr\u00e4ge zwischen Blisters4Parts.com und dem Gesch\u00e4ftskunden, f\u00fcr die diese allgemeinen Gesch\u00e4ftsbedingungen gelten, ist ausschlie\u00dflich niederl\u00e4ndisches Recht anwendbar. Auch wenn der Gesch\u00e4ftskunde im Ausland lebt.<\/li>\n<li>Das Wiener Kaufrechts\u00fcbereinkommen ist nicht anwendbar.<\/li>\n<\/ol>\n<p><strong> <\/strong><\/p>\n<p><span><strong>Artikel 14 &#8211; Zus\u00e4tzliche oder abweichende Bestimmungen<\/strong><\/span><\/p>\n<p><span>Zus\u00e4tzliche oder von diesen Allgemeinen Gesch\u00e4ftsbedingungen abweichende Bestimmungen d\u00fcrfen nicht zum Nachteil des Gesch\u00e4ftskunden gereichen und m\u00fcssen schriftlich oder in einer Weise festgehalten werden, dass sie vom Gesch\u00e4ftskunden auf einem dauerhaften Datentr\u00e4ger zug\u00e4nglich aufbewahrt werden k\u00f6nnen.<\/span>[\/et_pb_text][\/et_pb_column][\/et_pb_row][\/et_pb_section]<\/p>\n","protected":false},"excerpt":{"rendered":"<p>Allgemeine Gesch\u00e4ftsbedingungen Blisters4Parts.com (Tarswin Trading BV) Inhalt: Artikel 1 &#8211; Definitionen Artikel 2 &#8211; Identit\u00e4t des Unternehmers Artikel 3 &#8211; Anwendbarkeit Artikel 4 &#8211; Das Angebot Artikel 5 &#8211; Die Vereinbarung Artikel 6 &#8211; Widerrufsrecht Artikel 7 &#8211; Kosten im Falle des Widerrufs Artikel 8 &#8211; Der Preis Artikel 9 &#8211; Konformit\u00e4t und Gew\u00e4hrleistung Artikel [&hellip;]<\/p>\n","protected":false},"author":1,"featured_media":0,"parent":0,"menu_order":0,"comment_status":"closed","ping_status":"closed","template":"","meta":{"_et_pb_use_builder":"on","_et_pb_old_content":"","_et_gb_content_width":"","footnotes":""},"class_list":["post-1617","page","type-page","status-publish","hentry"],"_links":{"self":[{"href":"https:\/\/blisters4parts.com\/de\/wp-json\/wp\/v2\/pages\/1617","targetHints":{"allow":["GET"]}}],"collection":[{"href":"https:\/\/blisters4parts.com\/de\/wp-json\/wp\/v2\/pages"}],"about":[{"href":"https:\/\/blisters4parts.com\/de\/wp-json\/wp\/v2\/types\/page"}],"author":[{"embeddable":true,"href":"https:\/\/blisters4parts.com\/de\/wp-json\/wp\/v2\/users\/1"}],"replies":[{"embeddable":true,"href":"https:\/\/blisters4parts.com\/de\/wp-json\/wp\/v2\/comments?post=1617"}],"version-history":[{"count":10,"href":"https:\/\/blisters4parts.com\/de\/wp-json\/wp\/v2\/pages\/1617\/revisions"}],"predecessor-version":[{"id":1763,"href":"https:\/\/blisters4parts.com\/de\/wp-json\/wp\/v2\/pages\/1617\/revisions\/1763"}],"wp:attachment":[{"href":"https:\/\/blisters4parts.com\/de\/wp-json\/wp\/v2\/media?parent=1617"}],"curies":[{"name":"wp","href":"https:\/\/api.w.org\/{rel}","templated":true}]}}