{"id":1776,"date":"2022-02-07T13:15:01","date_gmt":"2022-02-07T12:15:01","guid":{"rendered":"https:\/\/blisters4parts.com\/haftungsausschluss\/"},"modified":"2022-02-08T16:41:07","modified_gmt":"2022-02-08T15:41:07","slug":"haftungsausschluss","status":"publish","type":"page","link":"https:\/\/blisters4parts.com\/de\/haftungsausschluss\/","title":{"rendered":"Haftungsausschluss"},"content":{"rendered":"<p>[et_pb_section fb_built=&#8220;1&#8243; _builder_version=&#8220;4.14.7&#8243; _module_preset=&#8220;default&#8220; global_colors_info=&#8220;{}&#8220;][et_pb_row _builder_version=&#8220;4.14.7&#8243; _module_preset=&#8220;default&#8220; global_colors_info=&#8220;{}&#8220;][et_pb_column type=&#8220;4_4&#8243; _builder_version=&#8220;4.14.7&#8243; _module_preset=&#8220;default&#8220; global_colors_info=&#8220;{}&#8220;][et_pb_text _builder_version=&#8220;4.14.7&#8243; _module_preset=&#8220;default&#8220; hover_enabled=&#8220;0&#8243; sticky_enabled=&#8220;0&#8243; text_font_size=&#8220;30px&#8220; custom_margin=&#8220;||40px||false|false&#8220;]<\/p>\n<p>Haftungsausschluss<\/p>\n<p>[\/et_pb_text][et_pb_text _builder_version=&#8220;4.14.7&#8243; _module_preset=&#8220;default&#8220; text_font_size=&#8220;16px&#8220; global_colors_info=&#8220;{}&#8220;]<\/p>\n<p>Blisters4Parts.com B.V. bem\u00fcht sich mit gr\u00f6\u00dfter Sorgfalt um die Richtigkeit und Vollst\u00e4ndigkeit der Informationen auf dieser Website. In einigen F\u00e4llen stammen die Informationen von Dritten. Der Inhalt dieser Website wird mit gr\u00f6\u00dftm\u00f6glicher Sorgfalt gepr\u00fcft und regelm\u00e4\u00dfig aktualisiert. Dennoch kann es vorkommen, dass einige Informationen veraltet oder unrichtig sind, oder dass Informationen (teilweise) fehlen.<\/p>\n<p>Blisters4Parts.com B.V. haftet nicht f\u00fcr die Folgen der Nutzung dieser Website. Auch k\u00f6nnen aus dem Inhalt dieser Website keine Rechte irgendwelcher Art abgeleitet werden.<\/p>\n<p>Die Texte und Bilder auf dieser Website d\u00fcrfen ohne schriftliche Genehmigung von Blisters4Parts.com B.V. nicht ver\u00f6ffentlicht oder vervielf\u00e4ltigt werden.<\/p>\n<p>[\/et_pb_text][\/et_pb_column][\/et_pb_row][\/et_pb_section]<\/p>\n","protected":false},"excerpt":{"rendered":"<p>HaftungsausschlussBlisters4Parts.com B.V. bem\u00fcht sich mit gr\u00f6\u00dfter Sorgfalt um die Richtigkeit und Vollst\u00e4ndigkeit der Informationen auf dieser Website. In einigen F\u00e4llen stammen die Informationen von Dritten. Der Inhalt dieser Website wird mit gr\u00f6\u00dftm\u00f6glicher Sorgfalt gepr\u00fcft und regelm\u00e4\u00dfig aktualisiert. Dennoch kann es vorkommen, dass einige Informationen veraltet oder unrichtig sind, oder dass Informationen (teilweise) fehlen. Blisters4Parts.com B.V. [&hellip;]<\/p>\n","protected":false},"author":1,"featured_media":0,"parent":0,"menu_order":0,"comment_status":"closed","ping_status":"closed","template":"","meta":{"_et_pb_use_builder":"on","_et_pb_old_content":"","_et_gb_content_width":"","footnotes":""},"class_list":["post-1776","page","type-page","status-publish","hentry"],"_links":{"self":[{"href":"https:\/\/blisters4parts.com\/de\/wp-json\/wp\/v2\/pages\/1776","targetHints":{"allow":["GET"]}}],"collection":[{"href":"https:\/\/blisters4parts.com\/de\/wp-json\/wp\/v2\/pages"}],"about":[{"href":"https:\/\/blisters4parts.com\/de\/wp-json\/wp\/v2\/types\/page"}],"author":[{"embeddable":true,"href":"https:\/\/blisters4parts.com\/de\/wp-json\/wp\/v2\/users\/1"}],"replies":[{"embeddable":true,"href":"https:\/\/blisters4parts.com\/de\/wp-json\/wp\/v2\/comments?post=1776"}],"version-history":[{"count":13,"href":"https:\/\/blisters4parts.com\/de\/wp-json\/wp\/v2\/pages\/1776\/revisions"}],"predecessor-version":[{"id":1887,"href":"https:\/\/blisters4parts.com\/de\/wp-json\/wp\/v2\/pages\/1776\/revisions\/1887"}],"wp:attachment":[{"href":"https:\/\/blisters4parts.com\/de\/wp-json\/wp\/v2\/media?parent=1776"}],"curies":[{"name":"wp","href":"https:\/\/api.w.org\/{rel}","templated":true}]}}