{"id":2661,"date":"2022-03-14T11:56:37","date_gmt":"2022-03-14T10:56:37","guid":{"rendered":"https:\/\/blisters4parts.com\/ueber-uns\/"},"modified":"2026-04-15T13:19:26","modified_gmt":"2026-04-15T11:19:26","slug":"ueber-uns","status":"publish","type":"page","link":"https:\/\/blisters4parts.com\/de\/ueber-uns\/","title":{"rendered":"\u00dcber uns"},"content":{"rendered":"<p>[et_pb_section fb_built=&#8220;1&#8243; _builder_version=&#8220;4.16&#8243; _module_preset=&#8220;default&#8220; global_colors_info=&#8220;{}&#8220;][et_pb_row _builder_version=&#8220;4.16&#8243; _module_preset=&#8220;default&#8220; global_colors_info=&#8220;{}&#8220;][et_pb_column type=&#8220;4_4&#8243; _builder_version=&#8220;4.16&#8243; _module_preset=&#8220;default&#8220; global_colors_info=&#8220;{}&#8220;][et_pb_text _builder_version=&#8220;4.16&#8243; _module_preset=&#8220;default&#8220; text_text_color=&#8220;#01C000&#8243; text_font_size=&#8220;30px&#8220; global_colors_info=&#8220;{}&#8220;]<\/p>\n<p>\u00dcber uns<\/p>\n<p>[\/et_pb_text][\/et_pb_column][\/et_pb_row][et_pb_row column_structure=&#8220;3_5,2_5&#8243; _builder_version=&#8220;4.16&#8243; _module_preset=&#8220;default&#8220; global_colors_info=&#8220;{}&#8220;][et_pb_column type=&#8220;3_5&#8243; _builder_version=&#8220;4.16&#8243; _module_preset=&#8220;default&#8220; global_colors_info=&#8220;{}&#8220;][et_pb_text _builder_version=&#8220;4.27.6&#8243; _module_preset=&#8220;default&#8220; hover_enabled=&#8220;0&#8243; global_colors_info=&#8220;{}&#8220; sticky_enabled=&#8220;0&#8243; text_font_size=&#8220;17px&#8220;]<\/p>\n<p>Als Outsourcing-Unternehmen mit dem Namen CNC-ProductionService.nl sind wir bereits seit mehr als 15 Jahren auf dem Markt der Metallbearbeitung t\u00e4tig. \u00dcber Blister f\u00fcr die professionelle Verpackung von Teilen mit hoher Pr\u00e4zision und\/oder Teilen mit hohen optischen Anforderungen haben wir Folgendes festgestellt:<\/p>\n<ul>\n<li>Blister waren im Internet nur sehr schwer zu finden.<\/li>\n<li>Es war kein Webshop mit einer Vielzahl von Standardgr\u00f6\u00dfen zu finden.<\/li>\n<li>Die meisten Hersteller bieten nur kundenspezifische Blister an, was den Nachteil hoher Matrizenkosten und einer langen Anlaufzeit hat.<\/li>\n<li>Einige der verf\u00fcgbaren Blister waren sehr schwach, verursacht durch d\u00fcnnes Material und\/oder schlechtes Design. Dies f\u00fchrte zu Problemen bei der Handhabung der Blister, wenn sie Teile enthielten, und einige Blister zerrissen einfach.<\/li>\n<li>Es gab auch Blister, die aus umweltsch\u00e4dlichem Kunststoff hergestellt wurden.<\/li>\n<li>Wir haben auch einige sehr hohe Preise gesehen.<\/li>\n<\/ul>\n<p>Deshalb haben wir uns entschlossen, eine v\u00f6llig neue Produktreihe von Blistern zu entwickeln, die genau dem Bedarf des Marktes an diesen Produkten entspricht. Wir haben viel in die Produktentwicklung, die Formen, die Logistik und die Realisierung des Webshops investiert. Wir hoffen, dass Ihnen das Endergebnis gef\u00e4llt und dass wir Ihren Bedarf an Blistern in Zukunft befriedigen d\u00fcrfen.<\/p>\n<p>[\/et_pb_text][\/et_pb_column][et_pb_column type=&#8220;2_5&#8243; _builder_version=&#8220;4.16&#8243; _module_preset=&#8220;default&#8220; global_colors_info=&#8220;{}&#8220;][et_pb_button button_url=&#8220;https:\/\/cnc-productionservice.de\/&#8220; url_new_window=&#8220;on&#8220; button_text=&#8220;Interessiert an CNC-ProduktionsService?&#8220; button_alignment=&#8220;center&#8220; _builder_version=&#8220;4.16&#8243; _module_preset=&#8220;default&#8220; custom_button=&#8220;on&#8220; custom_margin=&#8220;|50px||50px|false|false&#8220; global_colors_info=&#8220;{}&#8220;][\/et_pb_button][\/et_pb_column][\/et_pb_row][\/et_pb_section]<\/p>\n","protected":false},"excerpt":{"rendered":"<p>\u00dcber unsAls Outsourcing-Unternehmen mit dem Namen CNC-ProductionService.nl sind wir bereits seit mehr als 15 Jahren auf dem Markt der Metallbearbeitung t\u00e4tig. \u00dcber Blister f\u00fcr die professionelle Verpackung von Teilen mit hoher Pr\u00e4zision und\/oder Teilen mit hohen optischen Anforderungen haben wir Folgendes festgestellt: Blister waren im Internet nur sehr schwer zu finden. Es war kein Webshop [&hellip;]<\/p>\n","protected":false},"author":1,"featured_media":0,"parent":0,"menu_order":0,"comment_status":"closed","ping_status":"closed","template":"","meta":{"_et_pb_use_builder":"on","_et_pb_old_content":"","_et_gb_content_width":"","footnotes":""},"class_list":["post-2661","page","type-page","status-publish","hentry"],"_links":{"self":[{"href":"https:\/\/blisters4parts.com\/de\/wp-json\/wp\/v2\/pages\/2661","targetHints":{"allow":["GET"]}}],"collection":[{"href":"https:\/\/blisters4parts.com\/de\/wp-json\/wp\/v2\/pages"}],"about":[{"href":"https:\/\/blisters4parts.com\/de\/wp-json\/wp\/v2\/types\/page"}],"author":[{"embeddable":true,"href":"https:\/\/blisters4parts.com\/de\/wp-json\/wp\/v2\/users\/1"}],"replies":[{"embeddable":true,"href":"https:\/\/blisters4parts.com\/de\/wp-json\/wp\/v2\/comments?post=2661"}],"version-history":[{"count":4,"href":"https:\/\/blisters4parts.com\/de\/wp-json\/wp\/v2\/pages\/2661\/revisions"}],"predecessor-version":[{"id":4831,"href":"https:\/\/blisters4parts.com\/de\/wp-json\/wp\/v2\/pages\/2661\/revisions\/4831"}],"wp:attachment":[{"href":"https:\/\/blisters4parts.com\/de\/wp-json\/wp\/v2\/media?parent=2661"}],"curies":[{"name":"wp","href":"https:\/\/api.w.org\/{rel}","templated":true}]}}