{"id":2850,"date":"2022-11-09T16:53:30","date_gmt":"2022-11-09T15:53:30","guid":{"rendered":"https:\/\/blisters4parts.com\/home\/gratis-muster\/"},"modified":"2022-11-10T08:57:55","modified_gmt":"2022-11-10T07:57:55","slug":"gratis-muster","status":"publish","type":"page","link":"https:\/\/blisters4parts.com\/de\/home\/gratis-muster\/","title":{"rendered":"Gratis Muster"},"content":{"rendered":"<p>[et_pb_section fb_built=&#8220;1&#8243; _builder_version=&#8220;4.19.0&#8243; _module_preset=&#8220;default&#8220; global_colors_info=&#8220;{}&#8220;][et_pb_row column_structure=&#8220;1_2,1_2&#8243; _builder_version=&#8220;4.19.0&#8243; _module_preset=&#8220;default&#8220; global_colors_info=&#8220;{}&#8220;][et_pb_column type=&#8220;1_2&#8243; _builder_version=&#8220;4.19.0&#8243; _module_preset=&#8220;default&#8220; global_colors_info=&#8220;{}&#8220;][et_pb_text _builder_version=&#8220;4.19.0&#8243; _module_preset=&#8220;default&#8220; text_text_color=&#8220;#01C000&#8243; text_font_size=&#8220;30px&#8220; global_colors_info=&#8220;{}&#8220;]<\/p>\n<p>Gratis Muster<\/p>\n<p>[\/et_pb_text][et_pb_text _builder_version=&#8220;4.19.0&#8243; _module_preset=&#8220;default&#8220; global_colors_info=&#8220;{}&#8220;]<\/p>\n<p>Sie interessieren sich f\u00fcr unsere Blisterschalen und m\u00f6chten gerne einige Muster erhalten, um sich von der Qualit\u00e4t unserer Produkte zu \u00fcberzeugen.<\/p>\n<p>\u00dcberhaupt kein Problem. Wir k\u00f6nnen Ihnen die Muster kostenlos zusenden.<\/p>\n<p>Bitte f\u00fcllen Sie dieses Formular aus und Sie erhalten sie in wenigen Tagen.<\/p>\n<p>&nbsp;<\/p>\n<p>Wir k\u00f6nnen nur von einigen Artikeln Muster versenden, bei denen wir Kartons ge\u00f6ffnet haben, um sie als Muster zu verwenden. Wir hoffen, dass Sie diese Vorgehensweise verstehen.<\/p>\n<p>[\/et_pb_text][\/et_pb_column][et_pb_column type=&#8220;1_2&#8243; _builder_version=&#8220;4.19.0&#8243; _module_preset=&#8220;default&#8220; global_colors_info=&#8220;{}&#8220;][et_pb_contact_form email=&#8220;info@blisters4parts.com&#8220; title=&#8220;Senden Sie mir kostenlose Muster&#8220; custom_message=&#8220;Nieuw website Sample-aanvraag:||et_pb_line_break_holder||||et_pb_line_break_holder||Voornaam: %%FirstName%%||et_pb_line_break_holder||Achternaam: %%LastName%%||et_pb_line_break_holder||Bedrijf: %%CompanyName%%||et_pb_line_break_holder||Telefoon: %%TelNr%%||et_pb_line_break_holder||Email: %%Email%%||et_pb_line_break_holder||||et_pb_line_break_holder||Message:||et_pb_line_break_holder||||et_pb_line_break_holder||%%Message%%&#8220; success_message=&#8220;Vielen Dank f\u00fcr Ihrer Musteranforderung, wir werden Ihnen die Muster so schnell wie m\u00f6glich zusenden.&#8220; _builder_version=&#8220;4.19.0&#8243; _module_preset=&#8220;default&#8220; _unique_id=&#8220;c6ade2fa-15d6-4e97-98cb-f3bc32b58044&#8243; form_field_text_color=&#8220;#6B80B3&#8243; form_field_focus_text_color=&#8220;#283D86&#8243; title_text_color=&#8220;#01C000&#8243; form_field_font_size=&#8220;16px&#8220; custom_button=&#8220;on&#8220; button_text_size=&#8220;20px&#8220; button_text_color=&#8220;#FFFFFF&#8220; button_bg_color=&#8220;#283D86&#8243; hover_enabled=&#8220;0&#8243; global_colors_info=&#8220;{}&#8220; button_bg_color__hover_enabled=&#8220;on|hover&#8220; button_bg_color__hover=&#8220;#6B80B3&#8243; button_bg_enable_color__hover=&#8220;on&#8220; form_field_text_color__hover_enabled=&#8220;off|desktop&#8220; form_field_text_color__hover=&#8220;#6B80B3&#8243; sticky_enabled=&#8220;0&#8243;][et_pb_contact_field field_id=&#8220;FirstName&#8220; field_title=&#8220;Vorname&#8220; _builder_version=&#8220;4.16&#8243; _module_preset=&#8220;default&#8220; global_colors_info=&#8220;{}&#8220;][\/et_pb_contact_field][et_pb_contact_field field_id=&#8220;LastName&#8220; field_title=&#8220;Nachname&#8220; _builder_version=&#8220;4.16&#8243; _module_preset=&#8220;default&#8220; form_field_focus_text_color=&#8220;#283D86&#8243; global_colors_info=&#8220;{}&#8220;][\/et_pb_contact_field][et_pb_contact_field field_id=&#8220;CompanyName&#8220; field_title=&#8220;Firmenname&#8220; fullwidth_field=&#8220;on&#8220; _builder_version=&#8220;4.16&#8243; _module_preset=&#8220;default&#8220; global_colors_info=&#8220;{}&#8220;][\/et_pb_contact_field][et_pb_contact_field field_id=&#8220;TelNr&#8220; field_title=&#8220;Telefonnummer&#8220; fullwidth_field=&#8220;on&#8220; _builder_version=&#8220;4.16&#8243; _module_preset=&#8220;default&#8220; global_colors_info=&#8220;{}&#8220;][\/et_pb_contact_field][et_pb_contact_field field_id=&#8220;Email&#8220; field_title=&#8220;E-Mail&#8220; field_type=&#8220;email&#8220; fullwidth_field=&#8220;on&#8220; _builder_version=&#8220;4.16&#8243; _module_preset=&#8220;default&#8220; global_colors_info=&#8220;{}&#8220;][\/et_pb_contact_field][et_pb_contact_field field_id=&#8220;Message&#8220; field_title=&#8220;Nachricht: Bitte senden Sie mir kostenlose Muster&#8220; field_type=&#8220;text&#8220; fullwidth_field=&#8220;on&#8220; _builder_version=&#8220;4.19.0&#8243; _module_preset=&#8220;default&#8220; global_colors_info=&#8220;{}&#8220;][\/et_pb_contact_field][\/et_pb_contact_form][\/et_pb_column][\/et_pb_row][\/et_pb_section]<\/p>\n","protected":false},"excerpt":{"rendered":"<p>Gratis MusterSie interessieren sich f\u00fcr unsere Blisterschalen und m\u00f6chten gerne einige Muster erhalten, um sich von der Qualit\u00e4t unserer Produkte zu \u00fcberzeugen. \u00dcberhaupt kein Problem. Wir k\u00f6nnen Ihnen die Muster kostenlos zusenden. Bitte f\u00fcllen Sie dieses Formular aus und Sie erhalten sie in wenigen Tagen. &nbsp; Wir k\u00f6nnen nur von einigen Artikeln Muster versenden, bei [&hellip;]<\/p>\n","protected":false},"author":1,"featured_media":0,"parent":1482,"menu_order":5,"comment_status":"closed","ping_status":"closed","template":"","meta":{"_et_pb_use_builder":"on","_et_pb_old_content":"","_et_gb_content_width":"","footnotes":""},"class_list":["post-2850","page","type-page","status-publish","hentry"],"_links":{"self":[{"href":"https:\/\/blisters4parts.com\/de\/wp-json\/wp\/v2\/pages\/2850","targetHints":{"allow":["GET"]}}],"collection":[{"href":"https:\/\/blisters4parts.com\/de\/wp-json\/wp\/v2\/pages"}],"about":[{"href":"https:\/\/blisters4parts.com\/de\/wp-json\/wp\/v2\/types\/page"}],"author":[{"embeddable":true,"href":"https:\/\/blisters4parts.com\/de\/wp-json\/wp\/v2\/users\/1"}],"replies":[{"embeddable":true,"href":"https:\/\/blisters4parts.com\/de\/wp-json\/wp\/v2\/comments?post=2850"}],"version-history":[{"count":7,"href":"https:\/\/blisters4parts.com\/de\/wp-json\/wp\/v2\/pages\/2850\/revisions"}],"predecessor-version":[{"id":2865,"href":"https:\/\/blisters4parts.com\/de\/wp-json\/wp\/v2\/pages\/2850\/revisions\/2865"}],"up":[{"embeddable":true,"href":"https:\/\/blisters4parts.com\/de\/wp-json\/wp\/v2\/pages\/1482"}],"wp:attachment":[{"href":"https:\/\/blisters4parts.com\/de\/wp-json\/wp\/v2\/media?parent=2850"}],"curies":[{"name":"wp","href":"https:\/\/api.w.org\/{rel}","templated":true}]}}