{"id":3899,"date":"2024-05-16T15:03:00","date_gmt":"2024-05-16T13:03:00","guid":{"rendered":"https:\/\/blisters4parts.com\/?post_type=product&#038;p=3899"},"modified":"2026-04-16T12:31:40","modified_gmt":"2026-04-16T10:31:40","slug":"art-137c","status":"publish","type":"product","link":"https:\/\/blisters4parts.com\/de\/home\/blisters\/art-137c\/","title":{"rendered":"Art 137C: Abm. 100x67x30 mm Q=9 Preis\/200"},"content":{"rendered":"<p>Unsere Blister sind das ideale Verpackungsmaterial f\u00fcr Ihre gedrehten und gefr\u00e4sten Produkte. Aber auch andere wertvolle Teile k\u00f6nnen mit diesen Blisterschalen gut gesch\u00fctzt werden. Ihre Teile ber\u00fchren sich nicht und bleiben daher ohne Kratzer oder andere Besch\u00e4digungen.<br \/>\nDie Blister k\u00f6nnen auch f\u00fcr den internen Transport verwendet werden, z.B. wenn Sie von einer Metallbearbeitungsmaschine zu einer anderen wechseln oder wenn die Produkte vor\u00fcbergehend gelagert werden m\u00fcssen.<\/p>\n<p>Wir haben die Blisterschalen so konzipiert, dass sie st\u00e4rker und steifer sind als die markt\u00fcblichen. Wir verwenden 0,4 mm dicke transparente PET-Folie. Das bedeutet, dass sich die Blister kaum biegen, wenn sich die Teile darin befinden, vor allem, wenn die Blisterschalen gestapelt sind und die W\u00e4nde der Blister die St\u00e4rke der jeweils anderen \u00fcbertreffen.  <\/p>\n<p>Der Grund, warum wir PET f\u00fcr unser Material verwenden, ist haupts\u00e4chlich seine hohe Festigkeit und Z\u00e4higkeit. Au\u00dferdem altert dieses Material nicht. Und der gro\u00dfe Vorteil von PET ist, dass es sehr gut recycelbar ist.  <\/p>\n<p>Wir verwenden nicht das wei\u00dfe Polystyrol (PS), das Sie von den wei\u00dfen Chipsschalen kennen, weil es weniger stabil ist, schnell altert und dadurch leicht rei\u00dft. Au\u00dferdem ist Polystyrol f\u00fcr das Recycling ungeeignet und wird als Verpackungsmaterial zunehmend gemieden, langfristig vielleicht sogar verboten. <\/p>\n<p>Wir von Blisters4Parts.com denken an die Zukunft. Wir sehen, dass in naher Zukunft ein neues Material auf den Markt kommt, das noch besser geeignet ist als PET.<br \/>\nDieses Material hei\u00dft PEF (Polyethylenfuranoat). Es ist ein aromatischer, (teilweise) biobasierter thermoplastischer Polyester, der sich leicht gie\u00dfen und thermoformen l\u00e4sst. PEF hat eine hohe Festigkeit und Perforationsh\u00e4rte, eine gute Hitzebest\u00e4ndigkeit und hervorragende Gasbarriereeigenschaften, die denen von PET \u00fcberlegen sind. Sobald PEF auf breiter Basis verf\u00fcgbar ist, werden wir mit gro\u00dfer Wahrscheinlichkeit unser Produktionsverfahren umstellen.<\/p>\n","protected":false},"excerpt":{"rendered":"<p>Blistergr\u00f6\u00dfe (LxB): 350&#215;250 mm<br \/>\n200 St\u00fcck pro Karton<br \/>\nMaterial: transparente PET 0,4 mm Folien<\/p>\n","protected":false},"featured_media":4072,"comment_status":"closed","ping_status":"closed","template":"","meta":{"_et_pb_use_builder":"","_et_pb_old_content":"","_et_gb_content_width":""},"product_brand":[],"product_cat":[139],"product_tag":[],"class_list":{"0":"post-3899","1":"product","2":"type-product","3":"status-publish","4":"has-post-thumbnail","6":"product_cat-blister","8":"first","9":"instock","10":"taxable","11":"shipping-taxable","12":"purchasable","13":"product-type-simple"},"_links":{"self":[{"href":"https:\/\/blisters4parts.com\/de\/wp-json\/wp\/v2\/product\/3899","targetHints":{"allow":["GET"]}}],"collection":[{"href":"https:\/\/blisters4parts.com\/de\/wp-json\/wp\/v2\/product"}],"about":[{"href":"https:\/\/blisters4parts.com\/de\/wp-json\/wp\/v2\/types\/product"}],"replies":[{"embeddable":true,"href":"https:\/\/blisters4parts.com\/de\/wp-json\/wp\/v2\/comments?post=3899"}],"wp:featuredmedia":[{"embeddable":true,"href":"https:\/\/blisters4parts.com\/de\/wp-json\/wp\/v2\/media\/4072"}],"wp:attachment":[{"href":"https:\/\/blisters4parts.com\/de\/wp-json\/wp\/v2\/media?parent=3899"}],"wp:term":[{"taxonomy":"product_brand","embeddable":true,"href":"https:\/\/blisters4parts.com\/de\/wp-json\/wp\/v2\/product_brand?post=3899"},{"taxonomy":"product_cat","embeddable":true,"href":"https:\/\/blisters4parts.com\/de\/wp-json\/wp\/v2\/product_cat?post=3899"},{"taxonomy":"product_tag","embeddable":true,"href":"https:\/\/blisters4parts.com\/de\/wp-json\/wp\/v2\/product_tag?post=3899"}],"curies":[{"name":"wp","href":"https:\/\/api.w.org\/{rel}","templated":true}]}}